{"id":988388,"date":"2024-09-12T11:44:32","date_gmt":"2024-09-12T11:44:32","guid":{"rendered":"https:\/\/shine-ride.com\/?page_id=988388"},"modified":"2026-02-09T23:19:49","modified_gmt":"2026-02-09T23:19:49","slug":"agadir-oufella-tour-ebike","status":"publish","type":"page","link":"https:\/\/shine-ride.com\/fr\/agadir-oufella-tour-ebike\/","title":{"rendered":"Agadir Oufella Tour eBike"},"content":{"rendered":"<div class=\"vgblk-rw-wrapper limit-wrapper\">\r\n\r\n<h2>\r\n\tA propos du parcours :<br \/> eBike Agadir Oufella Tour \r\n\t<\/h2>\r\n\t<p>Le parcours en v\u00e9lo \u00e9lectrique avec Shine N Ride, m\u00ealant la ville d&rsquo;Agadir et le site embl\u00e9matique d&rsquo;Agadir Oufella, offre une exp\u00e9rience unique et captivante. L&rsquo;aventure d\u00e9bute au c\u0153ur de la ville, o\u00f9 vous pourrez d\u00e9couvrir l&rsquo;effervescence de ses rues, ses march\u00e9s anim\u00e9s, et son architecture moderne qui refl\u00e8te un m\u00e9lange d&rsquo;histoire et de renouveau.<\/p>\r\n<p>En quittant l&rsquo;agitation urbaine, le trajet vous m\u00e8ne doucement vers les hauteurs d&rsquo;Agadir Oufella, offrant une mont\u00e9e agr\u00e9able gr\u00e2ce \u00e0 l&rsquo;assistance \u00e9lectrique du v\u00e9lo. Tout au long du parcours, les paysages \u00e9voluent, passant des avenues modernes aux ruelles bord\u00e9es de palmiers et aux collines parsem\u00e9es d&rsquo;arganiers.<\/p>\r\n<p>Arriv\u00e9 au sommet, la vue panoramique sur la baie d&rsquo;Agadir est \u00e0 couper le souffle. Vous pourrez explorer les vestiges de l&rsquo;ancienne kasbah, impr\u00e9gn\u00e9s d&rsquo;histoire, et en apprendre davantage sur le tremblement de terre qui a marqu\u00e9 la r\u00e9gion en 1960. Une pause bien m\u00e9rit\u00e9e permet d&rsquo;immortaliser ces moments magiques avec des photos.<\/p>\r\n<p>La descente vers la ville combine adr\u00e9naline et d\u00e9tente, avec une derni\u00e8re \u00e9tape qui traverse des quartiers pittoresques, o\u00f9 les saveurs et les odeurs locales ajoutent une dimension sensorielle unique au tour. Ce parcours est id\u00e9al pour les amateurs de nature, d&rsquo;histoire et de d\u00e9couvertes, le tout dans un cadre s\u00e9curis\u00e9 et convivial, typique de l&rsquo;exp\u00e9rience Shine N Ride.<\/p>\r\n\t\t\t\t\t\t\t<img loading=\"lazy\" loading=\"lazy\" decoding=\"async\" src=\"https:\/\/shine-ride.com\/wp-content\/uploads\/2024\/09\/IMG_1411-768x1024.jpg\" alt=\"Kasbah or Agadir Oufella\" itemprop=\"image\" height=\"1024\" width=\"768\" title=\"Shine n ride Agadir\" onerror=\"this.style.display='none'\"  sizes=\"auto, (max-width: 768px) 100vw, 100vw\" srcset=\"https:\/\/shine-ride.com\/wp-content\/uploads\/2024\/09\/IMG_1411-768x1024.jpg 768w, https:\/\/shine-ride.com\/wp-content\/uploads\/2024\/09\/IMG_1411-225x300.jpg 225w, https:\/\/shine-ride.com\/wp-content\/uploads\/2024\/09\/IMG_1411-1152x1536.jpg 1152w, https:\/\/shine-ride.com\/wp-content\/uploads\/2024\/09\/IMG_1411-scaled.jpg 1536w, https:\/\/shine-ride.com\/wp-content\/uploads\/2024\/09\/IMG_1411-9x12.jpg 9w, https:\/\/shine-ride.com\/wp-content\/uploads\/2024\/09\/IMG_1411-1260x1680.jpg 1260w, https:\/\/shine-ride.com\/wp-content\/uploads\/2024\/09\/IMG_1411-630x840.jpg 630w, https:\/\/shine-ride.com\/wp-content\/uploads\/2024\/09\/IMG_1411-420x560.jpg 420w, https:\/\/shine-ride.com\/wp-content\/uploads\/2024\/09\/IMG_1411-840x1120.jpg 840w, https:\/\/shine-ride.com\/wp-content\/uploads\/2024\/09\/IMG_1411-315x420.jpg 315w\" \/>\t\t\t\t\t\t\t\r\n\r\n\t\t\t<a href=\"https:\/\/reservation.elloha.com?IdPublication=d03c9b8d-096f-440b-9189-437b2bf068cd&#038;culture=en-GB&#038;idoi=ce6eb721-6f6f-4e3c-8b30-003d09164737&#038;searchFirstAvailableDates=1\" target=\"_self\" rel=\"noopener\">\r\n\t\t\t\t\t\t\tR\u00e9server Maintenant\r\n\t\t\t<\/a>\r\n<h2>\r\n\t\tD\u00e9couvrez Agadir Oufella en eBike\r\n\t<\/h2>\r\n<article dir=\"auto\" data-testid=\"conversation-turn-137\" data-scroll-anchor=\"true\">\r\n<p>Venez d\u00e9couvrir Agadir Oufella, le c\u00e9l\u00e8bre site historique perch\u00e9 sur les hauteurs de la ville d&rsquo;Agadir, tout en p\u00e9dalant confortablement gr\u00e2ce \u00e0 nos v\u00e9los \u00e9lectriques. Vous aurez l&rsquo;occasion de profiter de vues panoramiques \u00e0 couper le souffle, tout en explorant l&rsquo;histoire fascinante de la r\u00e9gion. Avec un eBike, la mont\u00e9e jusqu&rsquo;\u00e0 la Kasbah est agr\u00e9able et accessible \u00e0 tous, offrant une exp\u00e9rience unique, respectueuse de l&rsquo;environnement et adapt\u00e9e \u00e0 tous les niveaux de cyclisme.<\/p>\r\n<\/article>\r\n\t\t\t\t\t\t\t<img loading=\"lazy\" loading=\"lazy\" decoding=\"async\" src=\"https:\/\/shine-ride.com\/wp-content\/uploads\/2024\/09\/decouverte-de-la-cote-atlantique.jpg\" alt=\"agadir city tour\" itemprop=\"image\" height=\"1344\" width=\"2016\" title=\"d\u00e9couverte de la cote atlantique\" onerror=\"this.style.display='none'\"  sizes=\"auto, (max-width: 768px) 100vw, 100vw\" srcset=\"https:\/\/shine-ride.com\/wp-content\/uploads\/2024\/09\/decouverte-de-la-cote-atlantique.jpg 2016w, https:\/\/shine-ride.com\/wp-content\/uploads\/2024\/09\/decouverte-de-la-cote-atlantique-300x200.jpg 300w, https:\/\/shine-ride.com\/wp-content\/uploads\/2024\/09\/decouverte-de-la-cote-atlantique-1024x683.jpg 1024w, https:\/\/shine-ride.com\/wp-content\/uploads\/2024\/09\/decouverte-de-la-cote-atlantique-768x512.jpg 768w, https:\/\/shine-ride.com\/wp-content\/uploads\/2024\/09\/decouverte-de-la-cote-atlantique-1536x1024.jpg 1536w, https:\/\/shine-ride.com\/wp-content\/uploads\/2024\/09\/decouverte-de-la-cote-atlantique-18x12.jpg 18w, https:\/\/shine-ride.com\/wp-content\/uploads\/2024\/09\/decouverte-de-la-cote-atlantique-1260x840.jpg 1260w, https:\/\/shine-ride.com\/wp-content\/uploads\/2024\/09\/decouverte-de-la-cote-atlantique-630x420.jpg 630w, https:\/\/shine-ride.com\/wp-content\/uploads\/2024\/09\/decouverte-de-la-cote-atlantique-420x280.jpg 420w, https:\/\/shine-ride.com\/wp-content\/uploads\/2024\/09\/decouverte-de-la-cote-atlantique-840x560.jpg 840w, https:\/\/shine-ride.com\/wp-content\/uploads\/2024\/09\/decouverte-de-la-cote-atlantique-315x210.jpg 315w\" \/>\t\t\t\t\t\t\t\r\n\t\t\t<a href=\"https:\/\/reservation.elloha.com?IdPublication=d03c9b8d-096f-440b-9189-437b2bf068cd&#038;culture=en-GB&#038;idoi=ce6eb721-6f6f-4e3c-8b30-003d09164737&#038;searchFirstAvailableDates=1\" target=\"_self\" rel=\"noopener\">\r\n\t\t\t\t\t\t\tR\u00e9servez votre aventure maintenant\r\n\t\t\t<\/a>\r\n<h2>\r\n\t\tPourquoi Visiter Agadir Oufella en eBike?\r\n\t<\/h2>\r\n\t<blockquote>\r\n<p>Visiter Agadir Oufella \u00e0 v\u00e9lo \u00e9lectrique permet de profiter d&rsquo;une exp\u00e9rience unique et sans effort. La Kasbah d&rsquo;Agadir est situ\u00e9e au sommet d&rsquo;une colline raide, un lieu symbolique offrant une vue imprenable sur la ville et l&rsquo;oc\u00e9an. Gr\u00e2ce \u00e0 l&rsquo;assistance \u00e9lectrique, grimper cette colline devient facile, m\u00eame pour les moins exp\u00e9riment\u00e9s.<\/p>\r\n<ul>\r\n<li><strong>Mont\u00e9e Facile et Confortable<\/strong> : Gr\u00e2ce \u00e0 l&rsquo;eBike, vous pouvez facilement monter la colline sans effort physique excessif.<\/li>\r\n<li><strong>Option \u00c9cologique<\/strong> : R\u00e9duisez votre impact environnemental en choisissant un mode de transport \u00e9cologique qui respecte la nature et n&rsquo;\u00e9met aucune pollution.<\/li>\r\n<li><strong>Acc\u00e8s \u00e0 des Sites Impraticables en Voiture<\/strong> : Le v\u00e9lo \u00e9lectrique vous permet de d\u00e9couvrir des chemins et des coins moins accessibles en voiture, o\u00f9 vous pourrez profiter d&rsquo;une tranquillit\u00e9 incomparable et admirer la nature locale.<\/li>\r\n<\/ul>\r\n<\/blockquote>\r\n<h2>\r\n\t\tCe Que Vous D\u00e9couvrirez En Route\r\n\t<\/h2>\r\n\t<p>L&rsquo;eBike permet de prendre son temps, de s&rsquo;arr\u00eater et d&rsquo;admirer les vues tout au long du parcours, en route vers la Kasbah d&rsquo;Agadir Oufella.<\/p>\r\n<ul>\r\n<li><strong>Vue Panoramique d&rsquo;Agadir<\/strong> : La route offre des vues spectaculaires sur la ville d&rsquo;Agadir et ses plages de sable dor\u00e9. La mont\u00e9e en eBike vous donne le temps d&rsquo;appr\u00e9cier chaque instant.<\/li>\r\n<li><strong>Le Fort Historique d&rsquo;Oufella<\/strong> : La Kasbah d&rsquo;Agadir est un fort historique datant du XVIe si\u00e8cle, qui offre un regard fascinant sur le pass\u00e9 de la r\u00e9gion. Vous pouvez vous promener autour des ruines et imaginer l&rsquo;histoire de cet endroit strat\u00e9gique.<\/li>\r\n<li><strong>Nature Pr\u00e9serv\u00e9e<\/strong> : Tout au long du trajet, vous pourrez admirer la faune et la flore locale, ainsi que les paysages montagneux qui entourent Agadir. Le v\u00e9lo \u00e9lectrique vous permet de vous approcher de la nature sans la perturber.<\/li>\r\n<\/ul>\r\n\t\t\t<a href=\"https:\/\/reservation.elloha.com?IdPublication=d03c9b8d-096f-440b-9189-437b2bf068cd&#038;culture=en-GB&#038;idoi=ce6eb721-6f6f-4e3c-8b30-003d09164737&#038;searchFirstAvailableDates=1\" target=\"_self\" rel=\"noopener\">\r\n\t\t\t\t\t\t\tR\u00e9servez votre aventure maintenant\r\n\t\t\t<\/a>\r\n\t\t\t\t\t\t\t<img loading=\"lazy\" loading=\"lazy\" decoding=\"async\" src=\"https:\/\/shine-ride.com\/wp-content\/uploads\/2024\/09\/circuit-off-road.jpg\" alt=\"circuit off road agadir eBike casque\" itemprop=\"image\" height=\"997\" width=\"1495\" title=\"circuit off road\" onerror=\"this.style.display='none'\"  sizes=\"auto, (max-width: 768px) 100vw, 100vw\" srcset=\"https:\/\/shine-ride.com\/wp-content\/uploads\/2024\/09\/circuit-off-road.jpg 1495w, https:\/\/shine-ride.com\/wp-content\/uploads\/2024\/09\/circuit-off-road-300x200.jpg 300w, https:\/\/shine-ride.com\/wp-content\/uploads\/2024\/09\/circuit-off-road-1024x683.jpg 1024w, https:\/\/shine-ride.com\/wp-content\/uploads\/2024\/09\/circuit-off-road-768x512.jpg 768w, https:\/\/shine-ride.com\/wp-content\/uploads\/2024\/09\/circuit-off-road-18x12.jpg 18w, https:\/\/shine-ride.com\/wp-content\/uploads\/2024\/09\/circuit-off-road-1260x840.jpg 1260w, https:\/\/shine-ride.com\/wp-content\/uploads\/2024\/09\/circuit-off-road-630x420.jpg 630w, https:\/\/shine-ride.com\/wp-content\/uploads\/2024\/09\/circuit-off-road-420x280.jpg 420w, https:\/\/shine-ride.com\/wp-content\/uploads\/2024\/09\/circuit-off-road-840x560.jpg 840w, https:\/\/shine-ride.com\/wp-content\/uploads\/2024\/09\/circuit-off-road-315x210.jpg 315w\" \/>\t\t\t\t\t\t\t\r\n<h2>\r\n\t\tCe que Vous Verrez en Chemin\r\n\t<\/h2>\r\n\t<blockquote>\r\n<p><strong>Agadir City Tour : Liste des points d&rsquo;int\u00e9r\u00eat<\/strong><\/p>\r\n<ul>\r\n<li><strong>Plage d&rsquo;Agadir<\/strong> : Roulez le long de la c\u00e9l\u00e8bre plage et profitez de la brise marine et du sable dor\u00e9.<\/li>\r\n<li><strong>Parc Olhao<\/strong> : Un espace vert calme pour une pause d\u00e9tente au milieu de votre parcours.<\/li>\r\n<li><strong>Marina d&rsquo;Agadir<\/strong> : Faites une halte \u00e0 la marina pour admirer les bateaux et profiter de l&rsquo;ambiance c\u00f4ti\u00e8re.<\/li>\r\n<\/ul>\r\n<\/blockquote>\r\n<h2>\r\n\t\tAvantages de l&rsquo;eBike pour la Visite d&rsquo;Agadir Oufella\r\n\t<\/h2>\r\n<h4>\r\n\t\tUn Moyen de Transport \u00c9co-Responsable\r\n\t<\/h4>\r\n\t<blockquote>\r\n<p>Visiter Agadir Oufella en v\u00e9lo \u00e9lectrique pr\u00e9sente de nombreux avantages par rapport aux moyens de transport traditionnels.<\/p>\r\n<ul>\r\n<li><strong>Impact \u00c9cologique Minimal<\/strong> : Contrairement aux v\u00e9hicules motoris\u00e9s, les v\u00e9los \u00e9lectriques n&rsquo;\u00e9mettent pas de CO2, ce qui en fait un mode de transport id\u00e9al pour pr\u00e9server la nature environnante et prot\u00e9ger ce site historique.<\/li>\r\n<li><strong>Accessibilit\u00e9 pour Tous<\/strong> : L&rsquo;eBike est adapt\u00e9 \u00e0 tous les niveaux de condition physique. L&rsquo;assistance au p\u00e9dalage rend l&rsquo;exp\u00e9rience agr\u00e9able et accessible pour les cyclistes novices ou occasionnels.<\/li>\r\n<li><strong>Exp\u00e9rience Immersive et Interactive<\/strong> : Se d\u00e9placer \u00e0 v\u00e9lo \u00e9lectrique vous permet de vous connecter pleinement \u00e0 l&rsquo;environnement et de profiter du calme et de la s\u00e9r\u00e9nit\u00e9 du lieu.<\/li>\r\n<\/ul>\r\n<\/blockquote>\r\n<h2>\r\n\t\tPr\u00e9parez Votre Excursion\r\n\t<\/h2>\r\n\t<blockquote>\r\n<p>Pour que votre visite se d\u00e9roule dans les meilleures conditions, nous vous recommandons de bien vous pr\u00e9parer :<\/p>\r\n<ul>\r\n<li><strong>Apportez de l&rsquo;eau<\/strong> : M\u00eame avec l&rsquo;assistance \u00e9lectrique, il est toujours bon de rester hydrat\u00e9 tout au long du trajet.<\/li>\r\n<li><strong>Prot\u00e9gez-vous du soleil<\/strong> : La mont\u00e9e vers Agadir Oufella peut \u00eatre ensoleill\u00e9e, surtout en \u00e9t\u00e9. N&rsquo;oubliez pas votre cr\u00e8me solaire et un chapeau.<\/li>\r\n<li><strong>Arr\u00eats Photographiques<\/strong> : Vous aurez de nombreuses occasions de prendre des photos incroyables en route. Pensez \u00e0 charger votre t\u00e9l\u00e9phone ou votre appareil photo pour capturer ces moments.<\/li>\r\n<\/ul>\r\n<\/blockquote>\r\n<h2>\r\n\t\tR\u00e9servations et Tarifs\r\n\t<\/h2>\r\n\t<blockquote>\r\n<ul>\r\n<li><strong>Paragraphe de r\u00e9servation :<\/strong> R\u00e9servez d\u00e8s maintenant votre place pour d\u00e9couvrir la ville d&rsquo;Agadir en eBike. Nos excursions sont limit\u00e9es pour garantir une exp\u00e9rience personnalis\u00e9e et respectueuse de l&rsquo;environnement.<\/li>\r\n<li><strong>Lien de r\u00e9servation :<\/strong> <a href=\"https:\/\/wa.me\/212621743803\" rel=\"noopener\" target=\"_blank\">R\u00e9server maintenant<\/a><\/li>\r\n<li><strong>Tarifs :<\/strong>\r\n<ul>\r\n<li>250 DH par personne<\/li>\r\n<\/ul>\r\n<\/li>\r\n<\/ul>\r\n<\/blockquote>\r\n<h2>\r\n\t\tCe Que Vous Verrez en Chemin\r\n\t<\/h2>\r\n\t<blockquote>\r\n<p>Le parcours vers Agadir Oufella vous offre une vari\u00e9t\u00e9 de points d&rsquo;int\u00e9r\u00eat naturels et culturels \u00e0 explorer.<\/p>\r\n<ul>\r\n<li><strong>Plage d&rsquo;Agadir<\/strong> : En d\u00e9butant votre parcours, profitez d&rsquo;une vue incroyable sur les plages immacul\u00e9es de la ville et la brise marine rafra\u00eechissante.<\/li>\r\n<li><strong>La Kasbah d&rsquo;Agadir<\/strong> : D\u00e9couvrez la riche histoire de ce lieu ancien avec des panneaux d&rsquo;information vous expliquant son importance \u00e0 travers les si\u00e8cles.<\/li>\r\n<li><strong>Rencontre avec les Habitants Locaux<\/strong> : Sur votre chemin, vous pourriez rencontrer des locaux d\u00e9sireux de partager des histoires ou de vous recommander des endroits cach\u00e9s autour de la Kasbah.<\/li>\r\n<\/ul>\r\n<\/blockquote>\r\n<h2>\r\n\tCircuit pour<br \/>Tout niveaux!<br \/>\r\n\t<\/h2>\r\n\t<p>Nous proposons des circuits adapt\u00e9s pour les amateurs aux plus avanc\u00e9s.<\/p>\r\n\t\t\t<a href=\"http:\/\/shine-ride.com\/parcours\/\" target=\"_self\">\r\n\t\t\t\t\t\tNos Parcours\r\n\t\t\t\t\t<\/a>\r\n\t\t\t\t\t\t\t<img decoding=\"async\" src=\"http:\/\/shine-ride.com\/wp-content\/uploads\/2022\/12\/Bike-5.svg\" alt=\"Bike 5\" itemprop=\"image\" title=\"Bike 5\" onerror=\"this.style.display='none'\" \/>\t\t\t\t\t\t\t\r\n\t\t\t\t\t\t\t<img decoding=\"async\" src=\"http:\/\/shine-ride.com\/wp-content\/uploads\/2022\/12\/Bike-1.svg\" alt=\"Bike 1\" itemprop=\"image\" title=\"Bike 1\" onerror=\"this.style.display='none'\" \/>\t\t\t\t\t\t\t\r\n\t<p><strong>Avanc\u00e9<\/strong><\/p>\r\n\t\t\t\t\t\t\t<img decoding=\"async\" src=\"http:\/\/shine-ride.com\/wp-content\/uploads\/2022\/12\/Bike-2.svg\" alt=\"Bike 2\" itemprop=\"image\" title=\"Bike 2\" onerror=\"this.style.display='none'\" \/>\t\t\t\t\t\t\t\r\n\t<p><strong>D\u00e9contract\u00e9<\/strong><\/p>\r\n\t\t\t\t\t\t\t<img decoding=\"async\" src=\"http:\/\/shine-ride.com\/wp-content\/uploads\/2022\/12\/Bike-4.svg\" alt=\"Bike 4\" itemprop=\"image\" title=\"Bike 4\" onerror=\"this.style.display='none'\" \/>\t\t\t\t\t\t\t\r\n\t<p><strong>Extr\u00eame<\/strong><\/p>\r\n\t\t<h3><a href=\"https:\/\/wa.me\/212621743803\" target=\"_self\" rel=\"noopener\">Ne manquez pas l&rsquo;aventure !<\/a><\/h3>\t\t\r\n\t\t\t<p>Chez <strong>Shine N Ride<\/strong>, nous innovons constamment pour vous offrir des exp\u00e9riences uniques et respectueuses de l&rsquo;environnement. Que vous soyez en qu\u00eate d&rsquo;une sortie en famille, d&rsquo;une aventure entre amis ou d&rsquo;une d\u00e9couverte en solo, nos <strong>nouveaux parcours<\/strong> sont sp\u00e9cialement con\u00e7us pour vous.<\/p>\t\t\r\n\t\t\t<a href=\"https:\/\/reservation.elloha.com?IdPublication=d03c9b8d-096f-440b-9189-437b2bf068cd&#038;culture=en-GB&#038;idoi=ce6eb721-6f6f-4e3c-8b30-003d09164737&#038;searchFirstAvailableDates=1\" target=\"_self\" rel=\"noopener\">\r\n\t\t\t\t\t\t\tR\u00e9servez votre prochaine aventure !\r\n\t\t\t<\/a>\r\n<h4>\r\n\tInclus avec chaque excursion eBike :\r\n\t<\/h4>\r\n\t<p><a href=\"http:\/\/shine-ride.com\/rental\/regles-securite-en-velo\/\">Toutes les consignes d&rsquo;usage \u2192<\/a><\/p>\r\n\r\n<\/div><!-- .vgblk-rw-wrapper -->","protected":false},"excerpt":{"rendered":"<p>A propos du parcours : eBike Agadir Oufella Tour Le parcours en v\u00e9lo \u00e9lectrique avec Shine N Ride, m\u00ealant la ville d&rsquo;Agadir et le site embl\u00e9matique d&rsquo;Agadir Oufella, offre une exp\u00e9rience unique et captivante. L&rsquo;aventure d\u00e9bute au c\u0153ur de la ville, o\u00f9 vous pourrez d\u00e9couvrir l&rsquo;effervescence de ses rues, ses march\u00e9s anim\u00e9s, et son architecture&#8230;<\/p>\n","protected":false},"author":1,"featured_media":0,"parent":0,"menu_order":0,"comment_status":"closed","ping_status":"closed","template":"","meta":{"inline_featured_image":false,"footnotes":""},"class_list":["post-988388","page","type-page","status-publish","hentry"],"jetpack_sharing_enabled":true,"_links":{"self":[{"href":"https:\/\/shine-ride.com\/fr\/wp-json\/wp\/v2\/pages\/988388","targetHints":{"allow":["GET"]}}],"collection":[{"href":"https:\/\/shine-ride.com\/fr\/wp-json\/wp\/v2\/pages"}],"about":[{"href":"https:\/\/shine-ride.com\/fr\/wp-json\/wp\/v2\/types\/page"}],"author":[{"embeddable":true,"href":"https:\/\/shine-ride.com\/fr\/wp-json\/wp\/v2\/users\/1"}],"replies":[{"embeddable":true,"href":"https:\/\/shine-ride.com\/fr\/wp-json\/wp\/v2\/comments?post=988388"}],"version-history":[{"count":6,"href":"https:\/\/shine-ride.com\/fr\/wp-json\/wp\/v2\/pages\/988388\/revisions"}],"predecessor-version":[{"id":988730,"href":"https:\/\/shine-ride.com\/fr\/wp-json\/wp\/v2\/pages\/988388\/revisions\/988730"}],"wp:attachment":[{"href":"https:\/\/shine-ride.com\/fr\/wp-json\/wp\/v2\/media?parent=988388"}],"curies":[{"name":"wp","href":"https:\/\/api.w.org\/{rel}","templated":true}]}}