{"id":988351,"date":"2024-09-08T15:41:45","date_gmt":"2024-09-08T15:41:45","guid":{"rendered":"https:\/\/shine-ride.com\/?page_id=988351"},"modified":"2026-02-09T23:18:03","modified_gmt":"2026-02-09T23:18:03","slug":"oued-souss-massa-agadir","status":"publish","type":"page","link":"https:\/\/shine-ride.com\/en\/oued-souss-massa-agadir\/","title":{"rendered":"Oued Souss Massa Agadir eBike Tour"},"content":{"rendered":"<div class=\"vgblk-rw-wrapper limit-wrapper\">\r\n<h2>\r\n\tAbout the course :<br \/> eBike Oued Souss Massa Agadir\r\n\t<\/h2>\r\n\r\n\t\t\t<a href=\"https:\/\/reservation.elloha.com?IdPublication=d03c9b8d-096f-440b-9189-437b2bf068cd&#038;culture=en-GB&#038;idoi=ce6eb721-6f6f-4e3c-8b30-003d09164737&#038;searchFirstAvailableDates=1\" target=\"_self\" rel=\"noopener\">\r\n\t\t\t\t\t\t\tBook now\r\n\t\t\t<\/a>\r\n<h2>\r\n\t\tOued Souss Agadir and Flamingos Tour\r\n\t<\/h2>\r\n<article dir=\"auto\" data-testid=\"conversation-turn-137\" data-scroll-anchor=\"true\">\r\n<p>Visit <strong>Oued Souss Massa Agadir<\/strong> \u00e0 v\u00e9lo permet de se connecter directement avec la nature. En parcourant les sentiers qui m\u00e8nent \u00e0 l&#8217;embouchure, vous pourrez ressentir la tranquillit\u00e9 des lieux tout en observant la faune et la flore locales. Les oiseaux rares qui habitent cette r\u00e9gion sont une attraction majeure.<\/p>\r\n<p>&nbsp;<\/p>\r\n<p>Partez a\u0300 la de\u0301couverte de l&rsquo;estuaire de l&rsquo;oued Souss, un site prise\u0301 pour l&rsquo;observation des oiseaux, notamment les flamants roses. Cependant, la nature e\u0301tant impre\u0301visible, nous ne pouvons pas garantir leur pre\u0301sence. Distance : 25 km.<\/p>\r\n<\/article>\r\n\t\t\t<a href=\"https:\/\/reservation.elloha.com?IdPublication=d03c9b8d-096f-440b-9189-437b2bf068cd&#038;culture=en-GB&#038;idoi=ce6eb721-6f6f-4e3c-8b30-003d09164737&#038;searchFirstAvailableDates=1\" target=\"_self\" rel=\"noopener\">\r\n\t\t\t\t\t\t\tBook now\r\n\t\t\t<\/a>\r\n\t\t\t\t\t\t\t<img loading=\"lazy\" decoding=\"async\" src=\"https:\/\/shine-ride.com\/wp-content\/uploads\/2024\/09\/decouverte-de-la-cote-atlantique.jpg\" alt=\"agadir city tour\" itemprop=\"image\" height=\"1344\" width=\"2016\" title=\"discovering the atlantic coast\" onerror=\"this.style.display='none'\" sizes=\"auto, (max-width: 768px) 100vw, 100vw\"  srcset=\"https:\/\/shine-ride.com\/wp-content\/uploads\/2024\/09\/decouverte-de-la-cote-atlantique.jpg 2016w, https:\/\/shine-ride.com\/wp-content\/uploads\/2024\/09\/decouverte-de-la-cote-atlantique-300x200.jpg 300w, https:\/\/shine-ride.com\/wp-content\/uploads\/2024\/09\/decouverte-de-la-cote-atlantique-1024x683.jpg 1024w, https:\/\/shine-ride.com\/wp-content\/uploads\/2024\/09\/decouverte-de-la-cote-atlantique-768x512.jpg 768w, https:\/\/shine-ride.com\/wp-content\/uploads\/2024\/09\/decouverte-de-la-cote-atlantique-1536x1024.jpg 1536w, https:\/\/shine-ride.com\/wp-content\/uploads\/2024\/09\/decouverte-de-la-cote-atlantique-18x12.jpg 18w, https:\/\/shine-ride.com\/wp-content\/uploads\/2024\/09\/decouverte-de-la-cote-atlantique-1260x840.jpg 1260w, https:\/\/shine-ride.com\/wp-content\/uploads\/2024\/09\/decouverte-de-la-cote-atlantique-630x420.jpg 630w, https:\/\/shine-ride.com\/wp-content\/uploads\/2024\/09\/decouverte-de-la-cote-atlantique-420x280.jpg 420w, https:\/\/shine-ride.com\/wp-content\/uploads\/2024\/09\/decouverte-de-la-cote-atlantique-840x560.jpg 840w, https:\/\/shine-ride.com\/wp-content\/uploads\/2024\/09\/decouverte-de-la-cote-atlantique-315x210.jpg 315w\" \/>\t\t\t\t\t\t\t\r\n\t\t\t<a href=\"https:\/\/reservation.elloha.com?IdPublication=d03c9b8d-096f-440b-9189-437b2bf068cd&#038;culture=en-GB&#038;idoi=ce6eb721-6f6f-4e3c-8b30-003d09164737&#038;searchFirstAvailableDates=1\" target=\"_self\" rel=\"noopener\">\r\n\t\t\t\t\t\t\tBook your adventure now\r\n\t\t\t<\/a>\r\n<h2>\r\n\t\tFlexibility and freedom\r\n\t<\/h2>\r\n\t<blockquote>\r\n<p>L&rsquo;un des principaux avantages de visiter l&#8217;embouchure du <strong>Oued Souss<\/strong> en v\u00e9lo est la flexibilit\u00e9 qu&rsquo;il offre. \u00c0 v\u00e9lo, vous \u00eates libre de parcourir les sentiers \u00e0 votre propre rythme. Vous pouvez vous arr\u00eater pour admirer les paysages, prendre des photos ou simplement profiter de l&rsquo;instant. Cette libert\u00e9 de mouvement permet de personnaliser votre visite et d&rsquo;explorer les moindres d\u00e9tails de la r\u00e9gion. Le v\u00e9lo offre une libert\u00e9 que peu d&rsquo;autres modes de transport peuvent offrir, en particulier dans les zones naturelles prot\u00e9g\u00e9es comme celle du <strong>Souss Massa Park<\/strong>.<\/p>\r\n\r\n<\/blockquote>\r\n<h2>\r\n\t\tAccess to areas inaccessible by car\r\n\t<\/h2>\r\n\t<p>Certaines parties de l&#8217;embouchure du <strong>Oued Souss<\/strong> sont difficiles d&rsquo;acc\u00e8s en voiture. Les sentiers \u00e9troits, les chemins sablonneux et les terrains accident\u00e9s font du v\u00e9lo l&rsquo;un des moyens les plus adapt\u00e9s pour explorer la r\u00e9gion. Cela vous permet de vous aventurer dans des zones moins fr\u00e9quent\u00e9es, o\u00f9 la nature est encore plus sauvage et pr\u00e9serv\u00e9e. L&rsquo;absence de v\u00e9hicules motoris\u00e9s contribue \u00e9galement \u00e0 pr\u00e9server la tranquillit\u00e9 des lieux, offrant une meilleure opportunit\u00e9 d&rsquo;observer la faune locale.<\/p>\r\n\r\n\t\t\t<a href=\"https:\/\/reservation.elloha.com?IdPublication=d03c9b8d-096f-440b-9189-437b2bf068cd&#038;culture=en-GB&#038;idoi=ce6eb721-6f6f-4e3c-8b30-003d09164737&#038;searchFirstAvailableDates=1\" target=\"_self\" rel=\"noopener\">\r\n\t\t\t\t\t\t\tBook your adventure now\r\n\t\t\t<\/a>\r\n\t\t\t\t\t\t\t<img loading=\"lazy\" decoding=\"async\" src=\"https:\/\/shine-ride.com\/wp-content\/uploads\/2024\/09\/circuit-off-road.jpg\" alt=\"circuit off road agadir eBike casque\" itemprop=\"image\" height=\"997\" width=\"1495\" title=\"off-road circuit\" onerror=\"this.style.display='none'\" sizes=\"auto, (max-width: 768px) 100vw, 100vw\"  srcset=\"https:\/\/shine-ride.com\/wp-content\/uploads\/2024\/09\/circuit-off-road.jpg 1495w, https:\/\/shine-ride.com\/wp-content\/uploads\/2024\/09\/circuit-off-road-300x200.jpg 300w, https:\/\/shine-ride.com\/wp-content\/uploads\/2024\/09\/circuit-off-road-1024x683.jpg 1024w, https:\/\/shine-ride.com\/wp-content\/uploads\/2024\/09\/circuit-off-road-768x512.jpg 768w, https:\/\/shine-ride.com\/wp-content\/uploads\/2024\/09\/circuit-off-road-18x12.jpg 18w, https:\/\/shine-ride.com\/wp-content\/uploads\/2024\/09\/circuit-off-road-1260x840.jpg 1260w, https:\/\/shine-ride.com\/wp-content\/uploads\/2024\/09\/circuit-off-road-630x420.jpg 630w, https:\/\/shine-ride.com\/wp-content\/uploads\/2024\/09\/circuit-off-road-420x280.jpg 420w, https:\/\/shine-ride.com\/wp-content\/uploads\/2024\/09\/circuit-off-road-840x560.jpg 840w, https:\/\/shine-ride.com\/wp-content\/uploads\/2024\/09\/circuit-off-road-315x210.jpg 315w\" \/>\t\t\t\t\t\t\t\r\n\t\t\t\t\t\t\t<img loading=\"lazy\" decoding=\"async\" src=\"https:\/\/shine-ride.com\/wp-content\/uploads\/2024\/09\/decouverte-de-la-cote-atlantique.jpg\" alt=\"agadir city tour\" itemprop=\"image\" height=\"1344\" width=\"2016\" title=\"discovering the atlantic coast\" onerror=\"this.style.display='none'\" sizes=\"auto, (max-width: 768px) 100vw, 100vw\"  srcset=\"https:\/\/shine-ride.com\/wp-content\/uploads\/2024\/09\/decouverte-de-la-cote-atlantique.jpg 2016w, https:\/\/shine-ride.com\/wp-content\/uploads\/2024\/09\/decouverte-de-la-cote-atlantique-300x200.jpg 300w, https:\/\/shine-ride.com\/wp-content\/uploads\/2024\/09\/decouverte-de-la-cote-atlantique-1024x683.jpg 1024w, https:\/\/shine-ride.com\/wp-content\/uploads\/2024\/09\/decouverte-de-la-cote-atlantique-768x512.jpg 768w, https:\/\/shine-ride.com\/wp-content\/uploads\/2024\/09\/decouverte-de-la-cote-atlantique-1536x1024.jpg 1536w, https:\/\/shine-ride.com\/wp-content\/uploads\/2024\/09\/decouverte-de-la-cote-atlantique-18x12.jpg 18w, https:\/\/shine-ride.com\/wp-content\/uploads\/2024\/09\/decouverte-de-la-cote-atlantique-1260x840.jpg 1260w, https:\/\/shine-ride.com\/wp-content\/uploads\/2024\/09\/decouverte-de-la-cote-atlantique-630x420.jpg 630w, https:\/\/shine-ride.com\/wp-content\/uploads\/2024\/09\/decouverte-de-la-cote-atlantique-420x280.jpg 420w, https:\/\/shine-ride.com\/wp-content\/uploads\/2024\/09\/decouverte-de-la-cote-atlantique-840x560.jpg 840w, https:\/\/shine-ride.com\/wp-content\/uploads\/2024\/09\/decouverte-de-la-cote-atlantique-315x210.jpg 315w\" \/>\t\t\t\t\t\t\t\r\n\t\t\t<a href=\"https:\/\/reservation.elloha.com?IdPublication=d03c9b8d-096f-440b-9189-437b2bf068cd&#038;culture=en-GB&#038;idoi=ce6eb721-6f6f-4e3c-8b30-003d09164737&#038;searchFirstAvailableDates=1\" target=\"_self\" rel=\"noopener\">\r\n\t\t\t\t\t\t\tBook your adventure now\r\n\t\t\t<\/a>\r\n<h2>\r\n\t\tPhysical activity and well-being\r\n\t<\/h2>\r\n\t<blockquote>\r\n<p>Cycling while sightseeing <strong>Oued Souss Agadir<\/strong> est une mani\u00e8re agr\u00e9able de rester actif tout en explorant les environs. Le v\u00e9lo est non seulement bon pour la sant\u00e9 physique, mais il contribue \u00e9galement \u00e0 un sentiment de bien-\u00eatre g\u00e9n\u00e9ral. L&rsquo;exercice lib\u00e8re des endorphines, r\u00e9duisant ainsi le stress et am\u00e9liorant l&rsquo;humeur. De plus, p\u00e9daler dans un cadre naturel magnifique, avec l&rsquo;air frais et la tranquillit\u00e9 des paysages, ajoute une dimension apaisante \u00e0 l&rsquo;activit\u00e9.<\/p>\r\n\r\n<\/blockquote>\r\n<h2>\r\n\t\tWhat You Will See Along the Way\r\n\t<\/h2>\r\n\t<blockquote>\r\n<p><strong>Oued Souss Agadir : Liste des points d&rsquo;int\u00e9r\u00eat<\/strong><\/p>\r\n<ul>\r\n<li><strong>Agadir Beach<\/strong> : Parcourez le long de la plage c\u00e9l\u00e8bre d&rsquo;Agadir, en profitant de la vue sur l&rsquo;oc\u00e9an Atlantique et des dunes de sable.<\/li>\r\n<li><strong>For\u00eat d&rsquo;Arganiers<\/strong> Pedal through this emblematic Moroccan forest, where biodiversity is in full bloom.<\/li>\r\n<li><strong>Vue sur l&rsquo;Atlas<\/strong> : En route, admirez les montagnes de l&rsquo;Anti-Atlas, offrant des panoramas \u00e9poustouflants.<\/li>\r\n<\/ul>\r\n<\/blockquote>\r\n<h2>\r\n\t\tPourquoi Choisir l&rsquo;eBike pour Agadir City Tour ?\r\n\t<\/h2>\r\n<h4>\r\n\t\tAn eco-responsible means of transport\r\n\t<\/h4>\r\n\t<blockquote>\r\n<p><strong>Advantages of the eBike :<\/strong><\/p>\r\n<ul>\r\n<li><strong>Respect for the environment:<\/strong> Reduced CO2 emissions compared with a motorized vehicle.<\/li>\r\n<li><strong>Accessibility :<\/strong> Suitable for all fitness levels thanks to electric assistance.<\/li>\r\n<li><strong>Immersive Experience :<\/strong> Allows silent, ecosystem-friendly exploration.<\/li>\r\n<\/ul>\r\n<\/blockquote>\r\n<h2>\r\n\t\tPrepare Your Excursion\r\n\t<\/h2>\r\n\t<blockquote>\r\n<p><strong>Advantages of the eBike :<\/strong><\/p>\r\n<ul>\r\n<li><strong>Respect for the environment:<\/strong> Reduced CO2 emissions compared with a motorized vehicle.<\/li>\r\n<li><strong>Accessibility :<\/strong> Suitable for all fitness levels thanks to electric assistance.<\/li>\r\n<li><strong>Immersive Experience :<\/strong> Allows silent, ecosystem-friendly exploration.<\/li>\r\n<\/ul>\r\n<\/blockquote>\r\n<h2>\r\n\t\tReservations and rates\r\n\t<\/h2>\r\n\t<blockquote>\r\n<ul>\r\n<li><strong>Reservation paragraph :<\/strong> Reserve your place now to discover the city of Agadir on an eBike. Our excursions are limited to guarantee a personalized and environmentally-friendly experience.<\/li>\r\n<li><strong>Booking link :<\/strong> <a href=\"https:\/\/wa.me\/212621743803\" rel=\"noopener\" target=\"_blank\">Book now<\/a><\/li>\r\n<li><strong>Rates :<\/strong>\r\n<ul>\r\n<li>250 DH per person<\/li>\r\n<\/ul>\r\n<\/li>\r\n<\/ul>\r\n<\/blockquote>\r\n<h2>\r\n\tCircuit for<br \/>All levels!<br \/>\r\n\t<\/h2>\r\n\t<p>We offer tours for beginners to advanced riders.<\/p>\r\n\t\t\t<a href=\"http:\/\/shine-ride.com\/en\/parcours\/\" target=\"_self\">\r\n\t\t\t\t\t\tOur routes\r\n\t\t\t\t\t<\/a>\r\n\t\t\t\t\t\t\t<img decoding=\"async\" src=\"http:\/\/shine-ride.com\/wp-content\/uploads\/2022\/12\/Bike-5.svg\" alt=\"Bike 5\" itemprop=\"image\" title=\"Bike 5\" onerror=\"this.style.display='none'\" \/>\t\t\t\t\t\t\t\r\n\t\t\t\t\t\t\t<img decoding=\"async\" src=\"http:\/\/shine-ride.com\/wp-content\/uploads\/2022\/12\/Bike-1.svg\" alt=\"Bike 1\" itemprop=\"image\" title=\"Bike 1\" onerror=\"this.style.display='none'\" \/>\t\t\t\t\t\t\t\r\n\t<p><strong>Advanced<\/strong><\/p>\r\n\t\t\t\t\t\t\t<img decoding=\"async\" src=\"http:\/\/shine-ride.com\/wp-content\/uploads\/2022\/12\/Bike-2.svg\" alt=\"Bike 2\" itemprop=\"image\" title=\"Bike 2\" onerror=\"this.style.display='none'\" \/>\t\t\t\t\t\t\t\r\n\t<p><strong>Casual<\/strong><\/p>\r\n\t\t\t\t\t\t\t<img decoding=\"async\" src=\"http:\/\/shine-ride.com\/wp-content\/uploads\/2022\/12\/Bike-4.svg\" alt=\"Bike 4\" itemprop=\"image\" title=\"Bike 4\" onerror=\"this.style.display='none'\" \/>\t\t\t\t\t\t\t\r\n\t<p><strong>Extreme<\/strong><\/p>\r\n\t\t<h3><a href=\"https:\/\/wa.me\/212621743803\" target=\"_self\" rel=\"noopener\">Don't miss the adventure!<\/a><\/h3>\t\t\r\n\t\t\t<p>At <strong>Shine N Ride<\/strong>We're constantly innovating to offer you unique, environmentally-friendly experiences. Whether you're looking for a family outing, an adventure with friends or a solo discovery, our <strong>new routes<\/strong> are specially designed for you.<\/p>\t\t\r\n\t\t\t<a href=\"https:\/\/reservation.elloha.com?IdPublication=d03c9b8d-096f-440b-9189-437b2bf068cd&#038;culture=en-GB&#038;idoi=ce6eb721-6f6f-4e3c-8b30-003d09164737&#038;searchFirstAvailableDates=1\" target=\"_self\" rel=\"noopener\">\r\n\t\t\t\t\t\t\tBook your next adventure!\r\n\t\t\t<\/a>\r\n<h4>\r\n\tIncluded with every eBike tour:\r\n\t<\/h4>\r\n\t<p><a href=\"http:\/\/shine-ride.com\/en\/rental\/regles-securite-en-velo\/\">All instructions for use \u2192<\/a><\/p>\r\n\r\n<\/div><!-- .vgblk-rw-wrapper -->","protected":false},"excerpt":{"rendered":"<p>A propos du parcours : eBike Oued Souss Massa Agadir R\u00e9servez maintenant Oued Souss Agadir et Flamingos Tour Visiter Oued Souss Massa Agadir \u00e0 v\u00e9lo permet de se connecter directement avec la nature. En parcourant les sentiers qui m\u00e8nent \u00e0 l&#8217;embouchure, vous pourrez ressentir la tranquillit\u00e9 des lieux tout en observant la faune et la&#8230;<\/p>","protected":false},"author":1,"featured_media":0,"parent":0,"menu_order":0,"comment_status":"closed","ping_status":"closed","template":"","meta":{"inline_featured_image":false,"footnotes":""},"class_list":["post-988351","page","type-page","status-publish","hentry"],"jetpack_sharing_enabled":true,"_links":{"self":[{"href":"https:\/\/shine-ride.com\/en\/wp-json\/wp\/v2\/pages\/988351","targetHints":{"allow":["GET"]}}],"collection":[{"href":"https:\/\/shine-ride.com\/en\/wp-json\/wp\/v2\/pages"}],"about":[{"href":"https:\/\/shine-ride.com\/en\/wp-json\/wp\/v2\/types\/page"}],"author":[{"embeddable":true,"href":"https:\/\/shine-ride.com\/en\/wp-json\/wp\/v2\/users\/1"}],"replies":[{"embeddable":true,"href":"https:\/\/shine-ride.com\/en\/wp-json\/wp\/v2\/comments?post=988351"}],"version-history":[{"count":9,"href":"https:\/\/shine-ride.com\/en\/wp-json\/wp\/v2\/pages\/988351\/revisions"}],"predecessor-version":[{"id":988729,"href":"https:\/\/shine-ride.com\/en\/wp-json\/wp\/v2\/pages\/988351\/revisions\/988729"}],"wp:attachment":[{"href":"https:\/\/shine-ride.com\/en\/wp-json\/wp\/v2\/media?parent=988351"}],"curies":[{"name":"wp","href":"https:\/\/api.w.org\/{rel}","templated":true}]}}