{"id":989172,"date":"2026-05-01T14:59:16","date_gmt":"2026-05-01T14:59:16","guid":{"rendered":"https:\/\/shine-ride.com\/?page_id=989172"},"modified":"2026-05-03T14:22:35","modified_gmt":"2026-05-03T14:22:35","slug":"abonnement-velo-electrique-agadir","status":"publish","type":"page","link":"https:\/\/shine-ride.com\/de\/abonnement-velo-electrique-agadir\/","title":{"rendered":"Abonnement eBike \u00e0 Agadir"},"content":{"rendered":"<div data-elementor-type=\"wp-page\" data-elementor-id=\"989172\" class=\"elementor elementor-989172\">\n\t\t\t\t<div class=\"elementor-element elementor-element-eec1ae7 e-flex e-con-boxed e-con e-parent\" data-id=\"eec1ae7\" data-element_type=\"container\" data-e-type=\"container\">\n\t\t\t\t\t<div class=\"e-con-inner\">\n\t\t\t\t<div class=\"elementor-element elementor-element-5bc2d30 elementor-widget elementor-widget-sr_hero\" data-id=\"5bc2d30\" data-element_type=\"widget\" data-e-type=\"widget\" data-widget_type=\"sr_hero.default\">\n\t\t\t\t<div class=\"elementor-widget-container\">\n\t\t\t\t\t        <div class=\"sr-widget sr-hero\" style=\"background-image:url(https:\/\/shine-ride.com\/wp-content\/uploads\/2026\/04\/ebike2.jpg);\">\n            <div class=\"sr-hero__overlay\"><\/div>\n            <div class=\"sr-hero__inner\">\n                <div>\n                    \n                    <div class=\"sr-hero__content-box\">\n                        <h1 class=\"sr-hero__title\">\n                            Abonnement V\u00e9lo \u00c9lectrique                             <span class=\"accent\"> Roulez librement <\/span>\n                            avec Shine &amp; Ride                        <\/h1>\n                        <p class=\"sr-hero__subtitle\">Profitez d&#039;un acc\u00e8s flexible \u00e0 nos e-bikes pour vos trajets quotidiens et vos moments de loisir, une solution \u00e9cologique, \u00e9conomique et pleine de libert\u00e9.<\/p>\n                    <\/div>\n\n                    <div class=\"sr-hero__actions\">\n                        <a href=\"#offres\" target=\"_self\"\n                           class=\"sr-btn sr-btn--primary\">\n                            S&#039;ABONNER MAINTENANT                        <\/a>\n                    <\/div>\n                <\/div>\n            <\/div>\n        <\/div>\n        \t\t\t\t<\/div>\n\t\t\t\t<\/div>\n\t\t\t\t\t<\/div>\n\t\t\t\t<\/div>\n\t\t<div class=\"elementor-element elementor-element-625a502 e-flex e-con-boxed e-con e-parent\" data-id=\"625a502\" data-element_type=\"container\" data-e-type=\"container\">\n\t\t\t\t\t<div class=\"e-con-inner\">\n\t\t\t\t<div class=\"elementor-element elementor-element-e6cda3a elementor-widget elementor-widget-sr_avantages\" data-id=\"e6cda3a\" data-element_type=\"widget\" data-e-type=\"widget\" data-widget_type=\"sr_avantages.default\">\n\t\t\t\t<div class=\"elementor-widget-container\">\n\t\t\t\t\t        <div class=\"sr-widget sr-avantages\">\n            <div class=\"sr-avantages__blob sr-avantages__blob--top\"><\/div>\n            <div class=\"sr-avantages__blob sr-avantages__blob--bottom\"><\/div>\n\n            <div class=\"sr-avantages__inner\">\n                <div class=\"sr-avantages__header\">\n                                            <span class=\"sr-badge sr-badge--orange\">Plus qu&#039;un v\u00e9lo, un style de vie<\/span>\n                                        <h2 class=\"sr-avantages__title\">\n                        Pourquoi s&#039;abonner<br>\n                        <span>plut\u00f4t que louer ?<\/span>\n                    <\/h2>\n                <\/div>\n\n                <div class=\"sr-avantages__grid\">\n                                            <div class=\"sr-advantage-card\">\n                            <div class=\"sr-advantage-card__icon\" style=\"background:#2098b4;color:#e6f4f8\">\n                                <i class=\"fas fa-unlock\" style=\"font-size:28px;\"><\/i>\n                            <\/div>\n                            <h3 class=\"sr-advantage-card__title\">Libert\u00e9 Totale<\/h3>\n                            <p class=\"sr-advantage-card__text\">Un acc\u00e8s flexible sans contrainte de possession ni d&#039;entretien. Roulez, on g\u00e8re le reste.<\/p>\n                        <\/div>\n                                            <div class=\"sr-advantage-card\">\n                            <div class=\"sr-advantage-card__icon\" style=\"background:#ec813d;color:#fdf0e6\">\n                                <i class=\"fas fa-wallet\" style=\"font-size:28px;\"><\/i>\n                            <\/div>\n                            <h3 class=\"sr-advantage-card__title\">\u00c9conomie R\u00e9elle<\/h3>\n                            <p class=\"sr-advantage-card__text\">Moins cher que les trajets quotidiens en taxi ou en voiture. Rentabilis\u00e9 en quelques jours.<\/p>\n                        <\/div>\n                                            <div class=\"sr-advantage-card\">\n                            <div class=\"sr-advantage-card__icon\" style=\"background:#f7c044;color:#fef9ec\">\n                                <i class=\"fas fa-leaf\" style=\"font-size:28px;\"><\/i>\n                            <\/div>\n                            <h3 class=\"sr-advantage-card__title\">Mobilit\u00e9 Durable<\/h3>\n                            <p class=\"sr-advantage-card__text\">Une solution moderne pour r\u00e9duire votre impact tout en profitant d&#039;une exp\u00e9rience agr\u00e9able.<\/p>\n                        <\/div>\n                                            <div class=\"sr-advantage-card\">\n                            <div class=\"sr-advantage-card__icon\" style=\"background:#000000;color:#111827\">\n                                <i class=\"fas fa-star\" style=\"font-size:28px;\"><\/i>\n                            <\/div>\n                            <h3 class=\"sr-advantage-card__title\">Exp\u00e9rience Shine<\/h3>\n                            <p class=\"sr-advantage-card__text\">Acc\u00e9dez \u00e0 un service premium et une communaut\u00e9 de riders qui partagent la m\u00eame \u00e9nergie.<\/p>\n                        <\/div>\n                                    <\/div>\n\n                <div class=\"sr-avantages__cta\">\n                    <a href=\"#offres\" class=\"sr-btn sr-btn--dark sr-btn--pill\">\n                        CHOISIR MON ABONNEMENT                        <i class=\"fas fa-chevron-right\" style=\"color:var(--sr-orange);\"><\/i>\n                    <\/a>\n                                            <p>Rejoignez le mouvement <span>#shinenride_agadir<\/span><\/p>\n                                    <\/div>\n            <\/div>\n        <\/div>\n        \t\t\t\t<\/div>\n\t\t\t\t<\/div>\n\t\t\t\t\t<\/div>\n\t\t\t\t<\/div>\n\t\t<div class=\"elementor-element elementor-element-4acb9f5 e-flex e-con-boxed e-con e-parent\" data-id=\"4acb9f5\" data-element_type=\"container\" data-e-type=\"container\">\n\t\t\t\t\t<div class=\"e-con-inner\">\n\t\t\t\t<div class=\"elementor-element elementor-element-2602a91 elementor-widget elementor-widget-sr_parcours\" data-id=\"2602a91\" data-element_type=\"widget\" data-e-type=\"widget\" data-widget_type=\"sr_parcours.default\">\n\t\t\t\t<div class=\"elementor-widget-container\">\n\t\t\t\t\t        <div class=\"sr-widget sr-parcours\">\n            <div class=\"sr-parcours__glow sr-parcours__glow--left\"><\/div>\n            <div class=\"sr-parcours__glow sr-parcours__glow--right\"><\/div>\n\n            <div class=\"sr-parcours__inner\">\n                <div class=\"sr-parcours__header\">\n                                            <p class=\"sr-parcours__pretitle\">Pr\u00eat \u00e0 d\u00e9marrer ?<\/p>\n                                        <h2 class=\"sr-parcours__title\">\n                        <span class=\"gradient-text\">Comment souscrire \u00e0 votre<\/span><br>\n                        Abonnement eBike ?                    <\/h2>\n                <\/div>\n\n                <div class=\"sr-steps\">\n                                            <div class=\"sr-step-card\">\n                            <div class=\"sr-step-card__number\" style=\"background:#ec813d;\">\n                                1                            <\/div>\n                            <h3 class=\"sr-step-card__title\">Choisissez votre pack<\/h3>\n                            <p class=\"sr-step-card__text\">S\u00e9lectionnez la formule qui correspond \u00e0 votre style de vie et vos besoins.<\/p>\n                        <\/div>\n                                            <div class=\"sr-step-card\">\n                            <div class=\"sr-step-card__number\" style=\"background:#f7c044;\">\n                                2                            <\/div>\n                            <h3 class=\"sr-step-card__title\">R\u00e9servez en ligne<\/h3>\n                            <p class=\"sr-step-card__text\">Remplissez le formulaire et notre \u00e9quipe vous confirme en moins de 2 heures.<\/p>\n                        <\/div>\n                                            <div class=\"sr-step-card\">\n                            <div class=\"sr-step-card__number\" style=\"background:#2098b4;\">\n                                3                            <\/div>\n                            <h3 class=\"sr-step-card__title\">R\u00e9cup\u00e9rez votre e-bike<\/h3>\n                            <p class=\"sr-step-card__text\">Rendez-vous \u00e0 notre point de retrait. Votre v\u00e9lo est pr\u00eat et charg\u00e9.<\/p>\n                        <\/div>\n                                            <div class=\"sr-step-card\">\n                            <div class=\"sr-step-card__number\" style=\"background:#e43532;\">\n                                4                            <\/div>\n                            <h3 class=\"sr-step-card__title\">Roulez &amp; profitez !<\/h3>\n                            <p class=\"sr-step-card__text\">Explorez Agadir librement. Chaque trajet est une nouvelle aventure.<\/p>\n                        <\/div>\n                                    <\/div>\n            <\/div>\n        <\/div>\n        \t\t\t\t<\/div>\n\t\t\t\t<\/div>\n\t\t\t\t\t<\/div>\n\t\t\t\t<\/div>\n\t\t<div class=\"elementor-element elementor-element-47d7e78 e-flex e-con-boxed e-con e-parent\" data-id=\"47d7e78\" data-element_type=\"container\" data-e-type=\"container\">\n\t\t\t\t\t<div class=\"e-con-inner\">\n\t\t\t\t<div class=\"elementor-element elementor-element-dc254f8 elementor-widget elementor-widget-sr_tarifs\" data-id=\"dc254f8\" data-element_type=\"widget\" data-e-type=\"widget\" data-widget_type=\"sr_tarifs.default\">\n\t\t\t\t<div class=\"elementor-widget-container\">\n\t\t\t\t\t        <div class=\"sr-widget sr-tarifs\" id=\"offres\">\n            <div class=\"sr-tarifs__inner\">\n                <div class=\"sr-tarifs__header\">\n                    <h2 class=\"sr-tarifs__title\">Nos formules d&#039;abonnement eBike \u00e0 Agadir<\/h2>\n\n                    <div class=\"sr-toggle-wrap\">\n                        <span id=\"sr-label-trim\" class=\"sr-toggle-label active\">Trimestriel<\/span>\n                        <label class=\"sr-switch\" aria-label=\"Basculer annuel\/trimestriel\">\n                            <input type=\"checkbox\" id=\"sr-price-toggle\" checked>\n                            <span class=\"sr-switch-slider\"><\/span>\n                        <\/label>\n                        <span id=\"sr-label-annual\" class=\"sr-toggle-label inactive\">Annuel<\/span>\n                    <\/div>\n                <\/div>\n\n                <div class=\"sr-tarifs__grid\">\n                                            <div class=\"sr-price-card\">\n                            \n                            <p class=\"sr-price-card__tier\">Starter<\/p>\n                            <h3 class=\"sr-price-card__name\" style=\"color:#2098b4;\">\n                                Awel Ride                            <\/h3>\n\n                            <div class=\"sr-price-card__price\">\n                                <span id=\"sr-price-starter\" class=\"sr-price-card__amount\">\n                                    550 DH                                <\/span>\n                                <span id=\"sr-period-starter\" class=\"sr-price-card__period\">\/an<\/span>\n                            <\/div>\n\n                            <ul class=\"sr-price-card__features\">\n                                                                    <li>\n                                        <i class=\"fas fa-check\" style=\"color:var(--sr-teal);\"><\/i>\n                                        100 Heures de ride                                    <\/li>\n                                                                    <li>\n                                        <i class=\"fas fa-check\" style=\"color:var(--sr-teal);\"><\/i>\n                                        Casque &amp; Cadenas                                    <\/li>\n                                                                    <li>\n                                        <i class=\"fas fa-check\" style=\"color:var(--sr-teal);\"><\/i>\n                                        Compte Membre                                    <\/li>\n                                                            <\/ul>\n\n                            <a href=\"#reserver\"\n                               class=\"sr-price-btn sr-price-btn--outline\">\n                                CHOISIR                            <\/a>\n                        <\/div>\n                                            <div class=\"sr-price-card sr-price-card--featured\">\n                                                            <div class=\"sr-price-card__badge-top\">Populaire<\/div>\n                            \n                            <p class=\"sr-price-card__tier\">Routine<\/p>\n                            <h3 class=\"sr-price-card__name\" style=\"color:#ec813d;\">\n                                Amanar Ride                            <\/h3>\n\n                            <div class=\"sr-price-card__price\">\n                                <span id=\"sr-price-routine\" class=\"sr-price-card__amount\">\n                                    950 DH                                <\/span>\n                                <span id=\"sr-period-routine\" class=\"sr-price-card__period\">\/an<\/span>\n                            <\/div>\n\n                            <ul class=\"sr-price-card__features\">\n                                                                    <li>\n                                        <i class=\"fas fa-bolt\" style=\"color:var(--sr-teal);\"><\/i>\n                                        150 Heures de ride                                    <\/li>\n                                                                    <li>\n                                        <i class=\"fas fa-star\" style=\"color:var(--sr-teal);\"><\/i>\n                                        R\u00e9servation Prioritaire                                    <\/li>\n                                                                    <li>\n                                        <i class=\"fas fa-percent\" style=\"color:var(--sr-teal);\"><\/i>\n                                        R\u00e9duction Tours Guid\u00e9s                                    <\/li>\n                                                            <\/ul>\n\n                            <a href=\"#reserver\"\n                               class=\"sr-price-btn sr-price-btn--dark\">\n                                JE FONCE !                            <\/a>\n                        <\/div>\n                                            <div class=\"sr-price-card\">\n                            \n                            <p class=\"sr-price-card__tier\">Famille<\/p>\n                            <h3 class=\"sr-price-card__name\" style=\"color:#ec813d;\">\n                                Izir Family Ride                            <\/h3>\n\n                            <div class=\"sr-price-card__price\">\n                                <span id=\"sr-price-family\" class=\"sr-price-card__amount\">\n                                    1550 DH                                <\/span>\n                                <span id=\"sr-period-family\" class=\"sr-price-card__period\">\/an<\/span>\n                            <\/div>\n\n                            <ul class=\"sr-price-card__features\">\n                                                                    <li>\n                                        <i class=\"fas fa-users\" style=\"color:var(--sr-teal);\"><\/i>\n                                        220 Heures partag\u00e9es                                    <\/li>\n                                                                    <li>\n                                        <i class=\"fas fa-bicycle\" style=\"color:var(--sr-teal);\"><\/i>\n                                        Plusieurs v\u00e9los simultan\u00e9s                                    <\/li>\n                                                                    <li>\n                                        <i class=\"fas fa-child\" style=\"color:var(--sr-teal);\"><\/i>\n                                        Conseils parcours enfants                                    <\/li>\n                                                            <\/ul>\n\n                            <a href=\"#reserver\"\n                               class=\"sr-price-btn sr-price-btn--border-dark\">\n                                CHOISIR                            <\/a>\n                        <\/div>\n                                    <\/div>\n            <\/div>\n        <\/div>\n\n        <!-- Inject prices into JS for this widget instance -->\n        <script>\n        (function(){\n                        if (typeof window.srPrices === 'undefined') window.srPrices = {};\n            window.srPrices['starter'] = {\n                ann: '550 DH',\n                tri: '250 DH'\n            };\n                        if (typeof window.srPrices === 'undefined') window.srPrices = {};\n            window.srPrices['routine'] = {\n                ann: '950 DH',\n                tri: '400 DH'\n            };\n                        if (typeof window.srPrices === 'undefined') window.srPrices = {};\n            window.srPrices['family'] = {\n                ann: '1550 DH',\n                tri: '650 DH'\n            };\n                    })();\n        <\/script>\n        \t\t\t\t<\/div>\n\t\t\t\t<\/div>\n\t\t\t\t\t<\/div>\n\t\t\t\t<\/div>\n\t\t<div class=\"elementor-element elementor-element-9b41a72 e-flex e-con-boxed e-con e-parent\" data-id=\"9b41a72\" data-element_type=\"container\" data-e-type=\"container\">\n\t\t\t\t\t<div class=\"e-con-inner\">\n\t\t\t\t<div class=\"elementor-element elementor-element-13e4f8c elementor-widget elementor-widget-sr_reservation\" data-id=\"13e4f8c\" data-element_type=\"widget\" data-e-type=\"widget\" data-widget_type=\"sr_reservation.default\">\n\t\t\t\t<div class=\"elementor-widget-container\">\n\t\t\t\t\t        <div class=\"sr-widget sr-reservation\" id=\"reserver\">\n            <div class=\"sr-reservation__inner\">\n                <div class=\"sr-reservation__card\">\n\n                    <!-- Panneau gauche -->\n                    <div class=\"sr-reservation__info\">\n                        <div>\n                            <h2 class=\"sr-reservation__title\">\n                                Pr\u00eat \u00e0                                <span class=\"accent\"> rouler<\/span><br>\n                                avec nous ?                            <\/h2>\n                            <p class=\"sr-reservation__subtitle\">Remplissez ce formulaire et notre \u00e9quipe vous contactera sous 2 heures pour finaliser votre abonnement et pr\u00e9parer votre e-bike.<\/p>\n                        <\/div>\n                                                    <blockquote class=\"sr-reservation__quote\">&quot;La meilleure fa\u00e7on de d\u00e9couvrir Agadir, sans effort et avec style.&quot;<\/blockquote>\n                                            <\/div>\n\n                    <!-- Panneau formulaire WPForms -->\n                    <div class=\"sr-reservation__form-wrap sr-wpf-wrap\">\n                        <div class=\"wpforms-container\" id=\"wpforms-989197\"><form id=\"wpforms-form-989197\" class=\"wpforms-validate wpforms-form wpforms-ajax-form\" data-formid=\"989197\" method=\"post\" enctype=\"multipart\/form-data\" action=\"\/de\/wp-json\/wp\/v2\/pages\/989172\" data-token=\"c8ba02c4f899b5fd393ebbe80d298fb0\" data-token-time=\"1778952681\" data-trp-original-action=\"\/de\/wp-json\/wp\/v2\/pages\/989172\"><noscript class=\"wpforms-error-noscript\">Bitte aktiviere JavaScript in deinem Browser, um dieses Formular fertigzustellen.<\/noscript><div class=\"wpforms-field-container\"><div id=\"wpforms-989197-field_1-container\" class=\"wpforms-field wpforms-field-layout\" data-field-id=\"1\"><div class=\"wpforms-field-layout-rows wpforms-field-large\"><div class=\"wpforms-layout-row\"><div class=\"wpforms-layout-column wpforms-layout-column-50\"><div id=\"wpforms-989197-field_2-container\" class=\"wpforms-field wpforms-field-text\" data-field-id=\"2\"><label class=\"wpforms-field-label\" for=\"wpforms-989197-field_2\">NOM COMPLET <span class=\"wpforms-required-label\">*<\/span><\/label><input type=\"text\" id=\"wpforms-989197-field_2\" class=\"wpforms-field-medium wpforms-field-required\" name=\"wpforms[fields][2]\" required><\/div><\/div><div class=\"wpforms-layout-column wpforms-layout-column-50\"><div id=\"wpforms-989197-field_3-container\" class=\"wpforms-field wpforms-field-phone\" data-field-id=\"3\"><label class=\"wpforms-field-label\" for=\"wpforms-989197-field_3\">NUM\u00c9RO WHATSAPP <span class=\"wpforms-required-label\">*<\/span><\/label><input type=\"tel\" id=\"wpforms-989197-field_3\" class=\"wpforms-field-medium wpforms-field-required wpforms-smart-phone-field\" data-rule-smart-phone-field=\"true\" name=\"wpforms[fields][3]\" placeholder=\"+212 6...\" aria-label=\"NUM\u00c9RO WHATSAPP\" required><\/div><\/div><\/div><div class=\"wpforms-layout-row\"><div class=\"wpforms-layout-column wpforms-layout-column-50\"><div id=\"wpforms-989197-field_4-container\" class=\"wpforms-field wpforms-field-select wpforms-field-select-style-classic\" data-field-id=\"4\"><label class=\"wpforms-field-label\" for=\"wpforms-989197-field_4\">CHOISIR MON PACK <span class=\"wpforms-required-label\">*<\/span><\/label><select id=\"wpforms-989197-field_4\" class=\"wpforms-field-medium wpforms-field-required\" name=\"wpforms[fields][4]\" required=\"required\"><option value=\"Awel Ride (Starter)\" >Awel Ride (Starter)<\/option><option value=\"Amanar Ride (Routine)\" >Amanar Ride (Routine)<\/option><option value=\"Izir Family (Famille)\" >Izir Family (Famille)<\/option><\/select><\/div><\/div><div class=\"wpforms-layout-column wpforms-layout-column-50\"><div id=\"wpforms-989197-field_5-container\" class=\"wpforms-field wpforms-field-select wpforms-field-select-style-classic\" data-field-id=\"5\"><label class=\"wpforms-field-label\" for=\"wpforms-989197-field_5\">DUR\u00c9E SOUHAIT\u00c9E <span class=\"wpforms-required-label\">*<\/span><\/label><select id=\"wpforms-989197-field_5\" class=\"wpforms-field-medium wpforms-field-required\" name=\"wpforms[fields][5]\" required=\"required\"><option value=\"Abonnement Annuel (Meilleur prix)\" >Abonnement Annuel (Meilleur prix)<\/option><option value=\"Abonnement Trimestriel\" >Abonnement Trimestriel<\/option><\/select><\/div><\/div><\/div><\/div><\/div><div id=\"wpforms-989197-field_6-container\" class=\"wpforms-field wpforms-field-layout\" data-field-id=\"6\"><div class=\"wpforms-field-layout-rows wpforms-field-large\"><div class=\"wpforms-layout-row\"><div class=\"wpforms-layout-column wpforms-layout-column-100\"><div id=\"wpforms-989197-field_11-container\" class=\"wpforms-field wpforms-field-textarea\" data-field-id=\"11\"><label class=\"wpforms-field-label\" for=\"wpforms-989197-field_11\">NOTES OU QUESTIONS (OPTIONNEL)<\/label><textarea id=\"wpforms-989197-field_11\" class=\"wpforms-field-medium\" name=\"wpforms[fields][11]\" placeholder=\"Avez-vous des pr\u00e9cisions \u00e0 nous donner ?\" ><\/textarea><\/div><\/div><\/div><\/div><\/div><\/div><!-- .wpforms-field-container --><div class=\"wpforms-submit-container\" ><input type=\"hidden\" name=\"wpforms[id]\" value=\"989197\"><input type=\"hidden\" name=\"page_title\" value=\"\"><input type=\"hidden\" name=\"page_url\" value=\"https:\/\/shine-ride.com\/de\/wp-json\/wp\/v2\/pages\/989172\"><button type=\"submit\" name=\"wpforms[submit]\" id=\"wpforms-submit-989197\" class=\"wpforms-submit\" data-alt-text=\"Envoi...\" data-submit-text=\"CONFIRMER MA R\u00c9SERVATION\" aria-live=\"assertive\" value=\"wpforms-submit\">CONFIRMER MA R\u00c9SERVATION<\/button><img decoding=\"async\" src=\"https:\/\/shine-ride.com\/wp-content\/plugins\/wpforms\/assets\/images\/submit-spin.svg\" class=\"wpforms-submit-spinner\" style=\"display: none;\" width=\"26\" height=\"26\" alt=\"Wird geladen\"><\/div><input type=\"hidden\" name=\"trp-form-language\" value=\"de\"\/><\/form><\/div>  <!-- .wpforms-container -->                    <\/div>\n\n                <\/div>\n            <\/div>\n        <\/div>\n        \t\t\t\t<\/div>\n\t\t\t\t<\/div>\n\t\t\t\t\t<\/div>\n\t\t\t\t<\/div>\n\t\t\t\t<\/div>","protected":false},"excerpt":{"rendered":"<p>Abonnement V\u00e9lo \u00c9lectrique Roulez librement avec Shine &amp; Ride Profitez d&rsquo;un acc\u00e8s flexible \u00e0 nos e-bikes pour vos trajets quotidiens et vos moments de loisir, une solution \u00e9cologique, \u00e9conomique et pleine de libert\u00e9. S&rsquo;ABONNER MAINTENANT Plus qu&rsquo;un v\u00e9lo, un style de vie Pourquoi s&rsquo;abonner plut\u00f4t que louer ? Libert\u00e9 Totale Un acc\u00e8s flexible sans contrainte&#8230;<\/p>","protected":false},"author":1,"featured_media":0,"parent":0,"menu_order":0,"comment_status":"closed","ping_status":"closed","template":"","meta":{"inline_featured_image":false,"footnotes":""},"class_list":["post-989172","page","type-page","status-publish","hentry"],"jetpack_sharing_enabled":true,"_links":{"self":[{"href":"https:\/\/shine-ride.com\/de\/wp-json\/wp\/v2\/pages\/989172","targetHints":{"allow":["GET"]}}],"collection":[{"href":"https:\/\/shine-ride.com\/de\/wp-json\/wp\/v2\/pages"}],"about":[{"href":"https:\/\/shine-ride.com\/de\/wp-json\/wp\/v2\/types\/page"}],"author":[{"embeddable":true,"href":"https:\/\/shine-ride.com\/de\/wp-json\/wp\/v2\/users\/1"}],"replies":[{"embeddable":true,"href":"https:\/\/shine-ride.com\/de\/wp-json\/wp\/v2\/comments?post=989172"}],"version-history":[{"count":40,"href":"https:\/\/shine-ride.com\/de\/wp-json\/wp\/v2\/pages\/989172\/revisions"}],"predecessor-version":[{"id":989232,"href":"https:\/\/shine-ride.com\/de\/wp-json\/wp\/v2\/pages\/989172\/revisions\/989232"}],"wp:attachment":[{"href":"https:\/\/shine-ride.com\/de\/wp-json\/wp\/v2\/media?parent=989172"}],"curies":[{"name":"wp","href":"https:\/\/api.w.org\/{rel}","templated":true}]}}