{"id":988187,"date":"2024-08-28T18:57:03","date_gmt":"2024-08-28T18:57:03","guid":{"rendered":"https:\/\/shine-ride.com\/?page_id=988187"},"modified":"2025-11-29T21:23:10","modified_gmt":"2025-11-29T21:23:10","slug":"la-cote-agadir-en-ebike-agadir-city-tour","status":"publish","type":"page","link":"https:\/\/shine-ride.com\/de\/la-cote-agadir-en-ebike-agadir-city-tour\/","title":{"rendered":"Agadir City Tour - Erkunden Sie die K\u00fcste von Agadir mit dem eBike"},"content":{"rendered":"<div class=\"vgblk-rw-wrapper limit-wrapper\">\n<h2>\n\t\u00dcber die Strecke :<br \/> eBike Agadir City Tour \n\t<\/h2>\n\n\t\t\t<a href=\"https:\/\/reservation.elloha.com?IdPublication=d03c9b8d-096f-440b-9189-437b2bf068cd&#038;culture=en-GB&#038;idoi=ce6eb721-6f6f-4e3c-8b30-003d09164737&#038;searchFirstAvailableDates=1\" target=\"_self\" rel=\"noopener\">\n\t\t\t\t\t\t\tJetzt buchen\n\t\t\t<\/a>\n<h2>\n\t\tAgadir City Tour mit dem eBike\n\t<\/h2>\n<article dir=\"auto\" data-testid=\"conversation-turn-137\" data-scroll-anchor=\"true\">\n<p>Explorez la magnifique c\u00f4te d&rsquo;Agadir en e-bike, o\u00f9 la rencontre de la mer et des montagnes offre des paysages spectaculaires. Parcourez des plages immacul\u00e9es et des sentiers c\u00f4tiers, tout en profitant de la brise marine et du soleil marocain.<\/p>\n<\/article>\n\t\t\t\t\t\t\t<img loading=\"lazy\" decoding=\"async\" src=\"https:\/\/shine-ride.com\/wp-content\/uploads\/2024\/09\/decouverte-de-la-cote-atlantique.jpg\" alt=\"agadir city tour\" itemprop=\"image\" height=\"1344\" width=\"2016\" title=\"entdeckung der atlantikk\u00fcste\" onerror=\"this.style.display='none'\" sizes=\"auto, (max-width: 768px) 100vw, 100vw\"  srcset=\"https:\/\/shine-ride.com\/wp-content\/uploads\/2024\/09\/decouverte-de-la-cote-atlantique.jpg 2016w, https:\/\/shine-ride.com\/wp-content\/uploads\/2024\/09\/decouverte-de-la-cote-atlantique-300x200.jpg 300w, https:\/\/shine-ride.com\/wp-content\/uploads\/2024\/09\/decouverte-de-la-cote-atlantique-1024x683.jpg 1024w, https:\/\/shine-ride.com\/wp-content\/uploads\/2024\/09\/decouverte-de-la-cote-atlantique-768x512.jpg 768w, https:\/\/shine-ride.com\/wp-content\/uploads\/2024\/09\/decouverte-de-la-cote-atlantique-1536x1024.jpg 1536w, https:\/\/shine-ride.com\/wp-content\/uploads\/2024\/09\/decouverte-de-la-cote-atlantique-18x12.jpg 18w, https:\/\/shine-ride.com\/wp-content\/uploads\/2024\/09\/decouverte-de-la-cote-atlantique-1260x840.jpg 1260w, https:\/\/shine-ride.com\/wp-content\/uploads\/2024\/09\/decouverte-de-la-cote-atlantique-630x420.jpg 630w, https:\/\/shine-ride.com\/wp-content\/uploads\/2024\/09\/decouverte-de-la-cote-atlantique-420x280.jpg 420w, https:\/\/shine-ride.com\/wp-content\/uploads\/2024\/09\/decouverte-de-la-cote-atlantique-840x560.jpg 840w, https:\/\/shine-ride.com\/wp-content\/uploads\/2024\/09\/decouverte-de-la-cote-atlantique-315x210.jpg 315w\" \/>\t\t\t\t\t\t\t\n\t\t\t<a href=\"https:\/\/reservation.elloha.com?IdPublication=d03c9b8d-096f-440b-9189-437b2bf068cd&#038;culture=en-GB&#038;idoi=ce6eb721-6f6f-4e3c-8b30-003d09164737&#038;searchFirstAvailableDates=1\" target=\"_self\" rel=\"noopener\">\n\t\t\t\t\t\t\tBuchen Sie Ihr Abenteuer jetzt\n\t\t\t<\/a>\n<h2>\n\t\tEntdeckung der Atlantikk\u00fcste\n\t<\/h2>\n\t<blockquote>\n<p>Explorez la magnifique c\u00f4te d&rsquo;Agadir en e-bike, o\u00f9 la rencontre de la mer et des montagnes offre des paysages spectaculaires. Parcourez des plages immacul\u00e9es et des sentiers c\u00f4tiers, tout en profitant de la brise marine et du soleil marocain.<\/p>\n<\/blockquote>\n<h2>\n\t\tOff-Road-Rundreise\n\t<\/h2>\n\t<p>Empruntez des pistes aventureuses \u00e0 travers des for\u00eats d&rsquo;arganiers et des dunes de sable, parfaites pour les amateurs de sensations fortes. Ce parcours est une v\u00e9ritable immersion dans la nature, avec des arr\u00eats pour admirer des panoramas \u00e0 couper le souffle.<\/p>\n\t\t\t<a href=\"https:\/\/reservation.elloha.com?IdPublication=d03c9b8d-096f-440b-9189-437b2bf068cd&#038;culture=en-GB&#038;idoi=ce6eb721-6f6f-4e3c-8b30-003d09164737&#038;searchFirstAvailableDates=1\" target=\"_self\" rel=\"noopener\">\n\t\t\t\t\t\t\tBuchen Sie Ihr Abenteuer jetzt\n\t\t\t<\/a>\n\t\t\t\t\t\t\t<img loading=\"lazy\" decoding=\"async\" src=\"https:\/\/shine-ride.com\/wp-content\/uploads\/2024\/09\/circuit-off-road.jpg\" alt=\"circuit off road agadir eBike casque\" itemprop=\"image\" height=\"997\" width=\"1495\" title=\"Offroad-Rundreise\" onerror=\"this.style.display='none'\" sizes=\"auto, (max-width: 768px) 100vw, 100vw\"  srcset=\"https:\/\/shine-ride.com\/wp-content\/uploads\/2024\/09\/circuit-off-road.jpg 1495w, https:\/\/shine-ride.com\/wp-content\/uploads\/2024\/09\/circuit-off-road-300x200.jpg 300w, https:\/\/shine-ride.com\/wp-content\/uploads\/2024\/09\/circuit-off-road-1024x683.jpg 1024w, https:\/\/shine-ride.com\/wp-content\/uploads\/2024\/09\/circuit-off-road-768x512.jpg 768w, https:\/\/shine-ride.com\/wp-content\/uploads\/2024\/09\/circuit-off-road-18x12.jpg 18w, https:\/\/shine-ride.com\/wp-content\/uploads\/2024\/09\/circuit-off-road-1260x840.jpg 1260w, https:\/\/shine-ride.com\/wp-content\/uploads\/2024\/09\/circuit-off-road-630x420.jpg 630w, https:\/\/shine-ride.com\/wp-content\/uploads\/2024\/09\/circuit-off-road-420x280.jpg 420w, https:\/\/shine-ride.com\/wp-content\/uploads\/2024\/09\/circuit-off-road-840x560.jpg 840w, https:\/\/shine-ride.com\/wp-content\/uploads\/2024\/09\/circuit-off-road-315x210.jpg 315w\" \/>\t\t\t\t\t\t\t\n<h2>\n\t\tWas Sie unterwegs trinken werden\n\t<\/h2>\n\t<blockquote>\n<p><strong>Agadir City Tour : Liste des points d&rsquo;int\u00e9r\u00eat<\/strong><\/p>\n<ul>\n<li><strong>Plage d&rsquo;Agadir<\/strong> : Fahren Sie am ber\u00fchmten Strand entlang und genie\u00dfen Sie die Meeresbrise und den goldenen Sand.<\/li>\n<li><strong>Tal der V\u00f6gel<\/strong> : Durchqueren Sie diesen Stadtpark und bewundern Sie die Vogelvielfalt und die \u00fcppige Vegetation.<\/li>\n<li><strong>Olhao-Park<\/strong> : Eine ruhige Gr\u00fcnfl\u00e4che f\u00fcr eine Entspannungspause in der Mitte Ihres Weges.<\/li>\n<li><strong>Marina d&rsquo;Agadir<\/strong> : Faites une halte \u00e0 la marina pour admirer les bateaux et profiter de l&rsquo;ambiance c\u00f4ti\u00e8re.<\/li>\n<\/ul>\n<\/blockquote>\n<h2>\n\t\tPourquoi Choisir l&rsquo;eBike pour Agadir City Tour ?\n\t<\/h2>\n<h4>\n\t\tEin umweltfreundliches Transportmittel\n\t<\/h4>\n\t<blockquote>\n<p><strong>Avantages de l&rsquo;eBike :<\/strong><\/p>\n<ul>\n<li><strong>Respect de l&rsquo;environnement :<\/strong> Geringere CO2-Emissionen im Vergleich zu einem motorisierten Fahrzeug.<\/li>\n<li><strong>Erreichbarkeit :<\/strong> Adapt\u00e9 \u00e0 tous les niveaux de condition physique gr\u00e2ce \u00e0 l&rsquo;assistance \u00e9lectrique.<\/li>\n<li><strong>Immersive Erfahrung :<\/strong> Erm\u00f6glicht eine ger\u00e4uschlose und \u00f6kosystemschonende Erkundung.<\/li>\n<\/ul>\n<\/blockquote>\n<h2>\n\t\tBereiten Sie Ihre Exkursion vor\n\t<\/h2>\n\t<blockquote>\n<p><strong>Avantages de l&rsquo;eBike :<\/strong><\/p>\n<ul>\n<li><strong>Respect de l&rsquo;environnement :<\/strong> Geringere CO2-Emissionen im Vergleich zu einem motorisierten Fahrzeug.<\/li>\n<li><strong>Erreichbarkeit :<\/strong> Adapt\u00e9 \u00e0 tous les niveaux de condition physique gr\u00e2ce \u00e0 l&rsquo;assistance \u00e9lectrique.<\/li>\n<li><strong>Immersive Erfahrung :<\/strong> Erm\u00f6glicht eine ger\u00e4uschlose und \u00f6kosystemschonende Erkundung.<\/li>\n<\/ul>\n<\/blockquote>\n<h2>\n\t\tReservierungen und Preise\n\t<\/h2>\n\t<blockquote>\n<ul>\n<li><strong>Buchungsparagraph :<\/strong> R\u00e9servez d\u00e8s maintenant votre place pour d\u00e9couvrir la ville d&rsquo;Agadir en eBike. Nos excursions sont limit\u00e9es pour garantir une exp\u00e9rience personnalis\u00e9e et respectueuse de l&rsquo;environnement.<\/li>\n<li><strong>Buchungslink :<\/strong> <a href=\"https:\/\/wa.me\/212621743803\" rel=\"noopener\" target=\"_blank\">Jetzt buchen<\/a><\/li>\n<li><strong>Tarife :<\/strong>\n<ul>\n<li>250 DH pro Person<\/li>\n<\/ul>\n<\/li>\n<\/ul>\n<\/blockquote>\n<h2>\n\tRundreise f\u00fcr<br \/>Alle Niveaus!<br \/>\n\t<\/h2>\n\t<p>Wir bieten passende Touren f\u00fcr Amateure bis hin zu Fortgeschrittenen an.<\/p>\n\t\t\t<a href=\"http:\/\/shine-ride.com\/de\/parcours\/\" target=\"_self\">\n\t\t\t\t\t\tUnsere Wege\n\t\t\t\t\t<\/a>\n\t\t\t\t\t\t\t<img decoding=\"async\" src=\"http:\/\/shine-ride.com\/wp-content\/uploads\/2022\/12\/Bike-5.svg\" alt=\"Bike 5\" itemprop=\"image\" title=\"Bike 5\" onerror=\"this.style.display='none'\" \/>\t\t\t\t\t\t\t\n\t\t\t\t\t\t\t<img decoding=\"async\" src=\"http:\/\/shine-ride.com\/wp-content\/uploads\/2022\/12\/Bike-1.svg\" alt=\"Bike 1\" itemprop=\"image\" title=\"Bike 1\" onerror=\"this.style.display='none'\" \/>\t\t\t\t\t\t\t\n\t<p><strong>Fortgeschrittene<\/strong><\/p>\n\t\t\t\t\t\t\t<img decoding=\"async\" src=\"http:\/\/shine-ride.com\/wp-content\/uploads\/2022\/12\/Bike-2.svg\" alt=\"Bike 2\" itemprop=\"image\" title=\"Bike 2\" onerror=\"this.style.display='none'\" \/>\t\t\t\t\t\t\t\n\t<p><strong>L\u00e4ssig<\/strong><\/p>\n\t\t\t\t\t\t\t<img decoding=\"async\" src=\"http:\/\/shine-ride.com\/wp-content\/uploads\/2022\/12\/Bike-4.svg\" alt=\"Bike 4\" itemprop=\"image\" title=\"Bike 4\" onerror=\"this.style.display='none'\" \/>\t\t\t\t\t\t\t\n\t<p><strong>Extrem<\/strong><\/p>\n\t\t<h3><a href=\"https:\/\/wa.me\/212621743803\" target=\"_self\" rel=\"noopener\">Ne manquez pas l&rsquo;aventure !<\/a><\/h3>\t\t\n\t\t\t<p>Bei <strong>Shine N Ride<\/strong>, nous innovons constamment pour vous offrir des exp\u00e9riences uniques et respectueuses de l&rsquo;environnement. Que vous soyez en qu\u00eate d&rsquo;une sortie en famille, d&rsquo;une aventure entre amis ou d&rsquo;une d\u00e9couverte en solo, nos <strong>neue Wege<\/strong> sind speziell f\u00fcr Sie entwickelt worden.<\/p>\t\t\n\t\t\t<a href=\"https:\/\/reservation.elloha.com?IdPublication=d03c9b8d-096f-440b-9189-437b2bf068cd&#038;culture=en-GB&#038;idoi=ce6eb721-6f6f-4e3c-8b30-003d09164737&#038;searchFirstAvailableDates=1\" target=\"_self\" rel=\"noopener\">\n\t\t\t\t\t\t\tBuchen Sie Ihr n\u00e4chstes Abenteuer!\n\t\t\t<\/a>\n<h4>\n\tEnthalten bei jeder eBike-Tour :\n\t<\/h4>\n\t<p><a href=\"http:\/\/shine-ride.com\/de\/rental\/regles-securite-en-velo\/\">Alle Gebrauchsanweisungen \u2192.<\/a><\/p>\n\n<\/div><!-- .vgblk-rw-wrapper -->","protected":false},"excerpt":{"rendered":"<p>A propos du parcours : eBike Agadir City Tour R\u00e9server Maintenant Agadir City Tour en eBike Explorez la magnifique c\u00f4te d&rsquo;Agadir en e-bike, o\u00f9 la rencontre de la mer et des montagnes offre des paysages spectaculaires. Parcourez des plages immacul\u00e9es et des sentiers c\u00f4tiers, tout en profitant de la brise marine et du soleil marocain&#8230;.<\/p>","protected":false},"author":1,"featured_media":0,"parent":0,"menu_order":0,"comment_status":"closed","ping_status":"closed","template":"","meta":{"inline_featured_image":false,"footnotes":""},"class_list":["post-988187","page","type-page","status-publish","hentry"],"jetpack_sharing_enabled":true,"_links":{"self":[{"href":"https:\/\/shine-ride.com\/de\/wp-json\/wp\/v2\/pages\/988187","targetHints":{"allow":["GET"]}}],"collection":[{"href":"https:\/\/shine-ride.com\/de\/wp-json\/wp\/v2\/pages"}],"about":[{"href":"https:\/\/shine-ride.com\/de\/wp-json\/wp\/v2\/types\/page"}],"author":[{"embeddable":true,"href":"https:\/\/shine-ride.com\/de\/wp-json\/wp\/v2\/users\/1"}],"replies":[{"embeddable":true,"href":"https:\/\/shine-ride.com\/de\/wp-json\/wp\/v2\/comments?post=988187"}],"version-history":[{"count":12,"href":"https:\/\/shine-ride.com\/de\/wp-json\/wp\/v2\/pages\/988187\/revisions"}],"predecessor-version":[{"id":988728,"href":"https:\/\/shine-ride.com\/de\/wp-json\/wp\/v2\/pages\/988187\/revisions\/988728"}],"wp:attachment":[{"href":"https:\/\/shine-ride.com\/de\/wp-json\/wp\/v2\/media?parent=988187"}],"curies":[{"name":"wp","href":"https:\/\/api.w.org\/{rel}","templated":true}]}}