{"id":988175,"date":"2024-08-28T17:41:10","date_gmt":"2024-08-28T17:41:10","guid":{"rendered":"https:\/\/shine-ride.com\/?page_id=988175"},"modified":"2026-02-22T11:51:51","modified_gmt":"2026-02-22T11:51:51","slug":"parc-national-souss-massa","status":"publish","type":"page","link":"https:\/\/shine-ride.com\/de\/parc-national-souss-massa\/","title":{"rendered":"eBike-Tour Nationalpark Souss Massa"},"content":{"rendered":"<div class=\"vgblk-rw-wrapper limit-wrapper\">\r\n<h2>\r\n\t\u00dcber den Parcours,<br \/> Nationalpark Souss Massa\r\n\t<\/h2>\r\n\r\n\t\t\t<a href=\"https:\/\/reservation.elloha.com?IdPublication=d03c9b8d-096f-440b-9189-437b2bf068cd&#038;culture=en-GB&#038;idoi=ce6eb721-6f6f-4e3c-8b30-003d09164737&#038;searchFirstAvailableDates=1\" target=\"_self\" rel=\"noopener\">\r\n\t\t\t\t\t\t\tJetzt buchen\r\n\t\t\t\t\t<\/a>\r\n<article dir=\"auto\" data-testid=\"conversation-turn-137\" data-scroll-anchor=\"true\">\r\n<p>Entdecken Sie die <strong>wilde Sch\u00f6nheit<\/strong> des Souss Massa Nationalparks mit Shine N Ride. Gehen Sie auf <strong>Ausflug mit dem Elektrofahrrad<\/strong> durch atemberaubende Landschaften, von K\u00fcstenklippen bis hin zu ruhigen Flussm\u00fcndungen.<\/p>\r\n<p>Unsere Ausfl\u00fcge <strong>\u00f6kologisch verantwortlich<\/strong> bieten Ihnen eine einmalige Gelegenheit, die <strong>Tierwelt der Sahara<\/strong> und die <strong>Zugv\u00f6gel<\/strong> aus der N\u00e4he betrachtet. Perfekt f\u00fcr <strong>Naturliebhaber<\/strong> und die <strong>Fotografen<\/strong>Dieses Abenteuer verspricht unvergessliche Momente in der Natur.<\/p>\r\n<p>De\u0301couvrez un ve\u0301ritable sanctuaire naturel, ide\u0301al pour les amoureux de la faune et des paysages sauvages. Ce tour inclut le billet d&rsquo;entre\u0301e au parc et vous offre une expe\u0301rience immersive a\u0300 35 km d&rsquo;Agadir<\/p>\r\n<\/article>\r\n\t\t\t\t\t\t\t<img loading=\"lazy\" decoding=\"async\" src=\"https:\/\/shine-ride.com\/wp-content\/uploads\/2023\/01\/SHine-ride-experiences-velo_0006_WhatsApp-Image-2023-01-02-at-13.03.16-1.jpg\" alt=\"Tour eBike Parc National Souss Massa\" itemprop=\"image\" height=\"900\" width=\"1300\" title=\"SHine ride Erfahrungen velo_0006_WhatsApp Image 2023-01-02 at 13.03.16\" onerror=\"this.style.display='none'\" sizes=\"auto, (max-width: 768px) 100vw, 100vw\"  srcset=\"https:\/\/shine-ride.com\/wp-content\/uploads\/2023\/01\/SHine-ride-experiences-velo_0006_WhatsApp-Image-2023-01-02-at-13.03.16-1.jpg 1300w, https:\/\/shine-ride.com\/wp-content\/uploads\/2023\/01\/SHine-ride-experiences-velo_0006_WhatsApp-Image-2023-01-02-at-13.03.16-1-630x436.jpg 630w, https:\/\/shine-ride.com\/wp-content\/uploads\/2023\/01\/SHine-ride-experiences-velo_0006_WhatsApp-Image-2023-01-02-at-13.03.16-1-300x208.jpg 300w, https:\/\/shine-ride.com\/wp-content\/uploads\/2023\/01\/SHine-ride-experiences-velo_0006_WhatsApp-Image-2023-01-02-at-13.03.16-1-1024x709.jpg 1024w, https:\/\/shine-ride.com\/wp-content\/uploads\/2023\/01\/SHine-ride-experiences-velo_0006_WhatsApp-Image-2023-01-02-at-13.03.16-1-768x532.jpg 768w, https:\/\/shine-ride.com\/wp-content\/uploads\/2023\/01\/SHine-ride-experiences-velo_0006_WhatsApp-Image-2023-01-02-at-13.03.16-1-1260x872.jpg 1260w, https:\/\/shine-ride.com\/wp-content\/uploads\/2023\/01\/SHine-ride-experiences-velo_0006_WhatsApp-Image-2023-01-02-at-13.03.16-1-420x291.jpg 420w, https:\/\/shine-ride.com\/wp-content\/uploads\/2023\/01\/SHine-ride-experiences-velo_0006_WhatsApp-Image-2023-01-02-at-13.03.16-1-840x582.jpg 840w, https:\/\/shine-ride.com\/wp-content\/uploads\/2023\/01\/SHine-ride-experiences-velo_0006_WhatsApp-Image-2023-01-02-at-13.03.16-1-315x218.jpg 315w\" \/>\t\t\t\t\t\t\t\r\n\t\t\t<a href=\"https:\/\/reservation.elloha.com?IdPublication=d03c9b8d-096f-440b-9189-437b2bf068cd&#038;culture=en-GB&#038;idoi=ce6eb721-6f6f-4e3c-8b30-003d09164737&#038;searchFirstAvailableDates=1\" target=\"_self\" rel=\"noopener\">\r\n\t\t\t\t\t\t\tBuchen Sie Ihr Abenteuer jetzt\r\n\t\t\t<\/a>\r\n<h2>\r\n\t\tEin \u00f6kologisches Juwel zum Entdecken\r\n\t<\/h2>\r\n\t<blockquote>\r\n<p>Le Parc National Souss Massa s&rsquo;\u00e9tend sur 33 800 hectares, abritant une biodiversit\u00e9 exceptionnelle. Reconnu pour ses efforts de conservation, le parc est le refuge de nombreuses esp\u00e8ces menac\u00e9es, notamment l&rsquo;Ibis chauve, embl\u00e8me du parc, ainsi que de nombreux oiseaux migrateurs. La diversit\u00e9 des \u00e9cosyst\u00e8mes, allant des dunes c\u00f4ti\u00e8res aux falaises et aux estuaires, en fait un lieu incontournable pour les amoureux de la nature.<\/p>\r\n<\/blockquote>\r\n<h2>\r\n\t\tIhr \u00d6ko-verantwortliches Abenteuer\r\n\t<\/h2>\r\n\t<p>Explorez les diff\u00e9rents circuits du parc \u00e0 bord de nos v\u00e9los \u00e9lectriques. Adapt\u00e9s \u00e0 tous les niveaux, nos parcours vous permettent de d\u00e9couvrir les merveilles naturelles du parc tout en respectant l&rsquo;environnement. P\u00e9dalez \u00e0 travers des paysages vari\u00e9s, des plages sauvages aux zones humides riches en biodiversit\u00e9, en passant par des sites historiques.<\/p>\r\n\t\t\t<a href=\"https:\/\/reservation.elloha.com?IdPublication=d03c9b8d-096f-440b-9189-437b2bf068cd&#038;culture=en-GB&#038;idoi=ce6eb721-6f6f-4e3c-8b30-003d09164737&#038;searchFirstAvailableDates=1\" target=\"_self\" rel=\"noopener\">\r\n\t\t\t\t\t\t\tBuchen Sie Ihr Abenteuer jetzt\r\n\t\t\t<\/a>\r\n\t\t\t\t\t\t\t<img loading=\"lazy\" decoding=\"async\" src=\"https:\/\/shine-ride.com\/wp-content\/uploads\/2024\/08\/Parc-National-Souss-Massa-2.jpg\" alt=\"Parc National Souss Massa bird oiseau\" itemprop=\"image\" height=\"800\" width=\"1300\" title=\"Nationalpark Souss Massa 2\" onerror=\"this.style.display='none'\" sizes=\"auto, (max-width: 768px) 100vw, 100vw\"  srcset=\"https:\/\/shine-ride.com\/wp-content\/uploads\/2024\/08\/Parc-National-Souss-Massa-2.jpg 1300w, https:\/\/shine-ride.com\/wp-content\/uploads\/2024\/08\/Parc-National-Souss-Massa-2-630x388.jpg 630w, https:\/\/shine-ride.com\/wp-content\/uploads\/2024\/08\/Parc-National-Souss-Massa-2-300x185.jpg 300w, https:\/\/shine-ride.com\/wp-content\/uploads\/2024\/08\/Parc-National-Souss-Massa-2-1024x630.jpg 1024w, https:\/\/shine-ride.com\/wp-content\/uploads\/2024\/08\/Parc-National-Souss-Massa-2-768x473.jpg 768w, https:\/\/shine-ride.com\/wp-content\/uploads\/2024\/08\/Parc-National-Souss-Massa-2-18x12.jpg 18w, https:\/\/shine-ride.com\/wp-content\/uploads\/2024\/08\/Parc-National-Souss-Massa-2-1260x775.jpg 1260w, https:\/\/shine-ride.com\/wp-content\/uploads\/2024\/08\/Parc-National-Souss-Massa-2-420x258.jpg 420w, https:\/\/shine-ride.com\/wp-content\/uploads\/2024\/08\/Parc-National-Souss-Massa-2-840x517.jpg 840w, https:\/\/shine-ride.com\/wp-content\/uploads\/2024\/08\/Parc-National-Souss-Massa-2-315x194.jpg 315w\" \/>\t\t\t\t\t\t\t\r\n<h2>\r\n\t\tWas Sie unterwegs trinken werden\r\n\t<\/h2>\r\n\t<blockquote>\r\n<p><strong>Liste des points d&rsquo;int\u00e9r\u00eat :<\/strong><\/p>\r\n<ul>\r\n<li><strong>R\u00e9serve d&rsquo;Ibis Chauve :<\/strong> Beobachten Sie diese seltene Tierart in ihrem nat\u00fcrlichen Lebensraum.<\/li>\r\n<li><strong>D\u00fcnen und K\u00fcstenstr\u00e4nde :<\/strong> Admirez les vastes dunes qui bordent l&rsquo;oc\u00e9an Atlantique.<\/li>\r\n<li><strong>Estuaire de l&rsquo;Oued Souss :<\/strong> Entdecken Sie ein Feuchtgebiet, das f\u00fcr den Vogelzug von entscheidender Bedeutung ist.<\/li>\r\n<li><strong>Historische St\u00e4tten :<\/strong> Erkunden Sie die Spuren der Vergangenheit anhand der Denkm\u00e4ler und Ruinen des Parks.<\/li>\r\n<\/ul>\r\n<\/blockquote>\r\n\t\t\t\t\t\t\t<img decoding=\"async\" src=\"https:\/\/shine-ride.com\/wp-content\/uploads\/2024\/09\/mountains.jpg\" alt=\"\" itemprop=\"image\" onerror=\"this.style.display='none'\"  \/>\r\n\t\t\t\t\t\t\t<img decoding=\"async\" src=\"https:\/\/shine-ride.com\/wp-content\/uploads\/2024\/09\/ibis-chauve.jpg\" alt=\"\" itemprop=\"image\" onerror=\"this.style.display='none'\"  \/>\r\n\t\t\t\t\t\t\t<img decoding=\"async\" src=\"https:\/\/shine-ride.com\/wp-content\/uploads\/2024\/09\/dromadaires-a-agadir.jpg\" alt=\"\" itemprop=\"image\" onerror=\"this.style.display='none'\"  \/>\r\n\t\t\t\t\t\t\t<img decoding=\"async\" src=\"https:\/\/shine-ride.com\/wp-content\/uploads\/2024\/09\/3.jpg\" alt=\"\" itemprop=\"image\" onerror=\"this.style.display='none'\"  \/>\r\n\t\t\t<a href=\"https:\/\/reservation.elloha.com?IdPublication=d03c9b8d-096f-440b-9189-437b2bf068cd&#038;culture=en-GB&#038;idoi=ce6eb721-6f6f-4e3c-8b30-003d09164737&#038;searchFirstAvailableDates=1\" target=\"_self\" rel=\"noopener\">\r\n\t\t\t\t\t\t\tJetzt entdecken\r\n\t\t\t<\/a>\r\n<h2>\r\n\t\tPourquoi Choisir l&rsquo;eBike ?\r\n\t<\/h2>\r\n<h4>\r\n\t\tEin umweltfreundliches Transportmittel\r\n\t<\/h4>\r\n\t<blockquote>\r\n<p><strong>Avantages de l&rsquo;eBike :<\/strong><\/p>\r\n<ul>\r\n<li><strong>Respect de l&rsquo;environnement :<\/strong> Geringere CO2-Emissionen im Vergleich zu einem motorisierten Fahrzeug.<\/li>\r\n<li><strong>Erreichbarkeit :<\/strong> Adapt\u00e9 \u00e0 tous les niveaux de condition physique gr\u00e2ce \u00e0 l&rsquo;assistance \u00e9lectrique.<\/li>\r\n<li><strong>Immersive Erfahrung :<\/strong> Erm\u00f6glicht eine ger\u00e4uschlose und \u00f6kosystemschonende Erkundung.<\/li>\r\n<\/ul>\r\n<\/blockquote>\r\n<h2>\r\n\t\tBereiten Sie Ihre Exkursion vor\r\n\t<\/h2>\r\n\t<blockquote>\r\n<p><strong>Avantages de l&rsquo;eBike :<\/strong><\/p>\r\n<ul>\r\n<li><strong>Respect de l&rsquo;environnement :<\/strong> Geringere CO2-Emissionen im Vergleich zu einem motorisierten Fahrzeug.<\/li>\r\n<li><strong>Erreichbarkeit :<\/strong> Adapt\u00e9 \u00e0 tous les niveaux de condition physique gr\u00e2ce \u00e0 l&rsquo;assistance \u00e9lectrique.<\/li>\r\n<li><strong>Immersive Erfahrung :<\/strong> Erm\u00f6glicht eine ger\u00e4uschlose und \u00f6kosystemschonende Erkundung.<\/li>\r\n<\/ul>\r\n<\/blockquote>\r\n\t\t\t<a href=\"https:\/\/shine-ride.com\/de\/regles-securite-en-velo-agadir-excursion-route-ride-bike-ebike\/\" target=\"_self\">\r\n\t\t\t\t\t\tRegeln und Sicherheit\r\n\t\t\t\t\t<\/a>\r\n<h2>\r\n\t\tReservierungen und Preise\r\n\t<\/h2>\r\n\t<blockquote>\r\n<ul>\r\n<li><strong>Buchungsparagraph :<\/strong> R\u00e9servez d\u00e8s maintenant votre place pour d\u00e9couvrir le Parc National Souss Massa en eBike. Nos excursions sont limit\u00e9es pour garantir une exp\u00e9rience personnalis\u00e9e et respectueuse de l&rsquo;environnement.<\/li>\r\n<li><strong>Buchungslink :<\/strong> <a href=\"https:\/\/wa.me\/212621743803\" rel=\"noopener\" target=\"_blank\">Jetzt buchen<\/a><\/li>\r\n<li><strong>Tarife :<\/strong>\r\n<ul>\r\n<li><strong>Ausgang Programmiert :<\/strong> 550DH Par Personne &#8211; Minimum 2 Personnes.<\/li>\r\n<\/ul>\r\n<\/li>\r\n<\/ul>\r\n<\/blockquote>\r\n\t\t\t<a href=\"https:\/\/reservation.elloha.com?IdPublication=d03c9b8d-096f-440b-9189-437b2bf068cd&#038;culture=en-GB&#038;idoi=ce6eb721-6f6f-4e3c-8b30-003d09164737&#038;searchFirstAvailableDates=1\" target=\"_self\" rel=\"noopener\">\r\n\t\t\t\t\t\t\tIch buche jetzt\r\n\t\t\t<\/a>\r\n<h2>\r\n\tRundreise f\u00fcr<br \/>Alle Niveaus!<br \/>\r\n\t<\/h2>\r\n\t<p>Wir bieten passende Touren f\u00fcr Amateure bis hin zu Fortgeschrittenen an.<\/p>\r\n\t\t\t<a href=\"http:\/\/shine-ride.com\/de\/parcours\/\" target=\"_self\">\r\n\t\t\t\t\t\tUnsere Wege\r\n\t\t\t\t\t<\/a>\r\n\t\t\t\t\t\t\t<img decoding=\"async\" src=\"http:\/\/shine-ride.com\/wp-content\/uploads\/2022\/12\/Bike-5.svg\" alt=\"Bike 5\" itemprop=\"image\" title=\"Bike 5\" onerror=\"this.style.display='none'\" \/>\t\t\t\t\t\t\t\r\n\t\t\t\t\t\t\t<img decoding=\"async\" src=\"http:\/\/shine-ride.com\/wp-content\/uploads\/2022\/12\/Bike-1.svg\" alt=\"Bike 1\" itemprop=\"image\" title=\"Bike 1\" onerror=\"this.style.display='none'\" \/>\t\t\t\t\t\t\t\r\n\t<p><strong>Fortgeschrittene<\/strong><\/p>\r\n\t\t\t\t\t\t\t<img decoding=\"async\" src=\"http:\/\/shine-ride.com\/wp-content\/uploads\/2022\/12\/Bike-2.svg\" alt=\"Bike 2\" itemprop=\"image\" title=\"Bike 2\" onerror=\"this.style.display='none'\" \/>\t\t\t\t\t\t\t\r\n\t<p><strong>L\u00e4ssig<\/strong><\/p>\r\n\t\t\t\t\t\t\t<img decoding=\"async\" src=\"http:\/\/shine-ride.com\/wp-content\/uploads\/2022\/12\/Bike-4.svg\" alt=\"Bike 4\" itemprop=\"image\" title=\"Bike 4\" onerror=\"this.style.display='none'\" \/>\t\t\t\t\t\t\t\r\n\t<p><strong>Extrem<\/strong><\/p>\r\n\t\t<h3>Faites l&rsquo;exp\u00e9rience d&rsquo;un tourisme durable<\/h3>\t\t\r\n\t\t\t<p>D\u00e9couvrez la richesse naturelle du Parc National Souss Massa lors d&rsquo;une aventure unique en v\u00e9lo \u00e9lectrique. Ce parcours vous emm\u00e8ne \u00e0 travers des paysages \u00e0 couper le souffle, offrant une immersion totale dans la nature pr\u00e9serv\u00e9e du sud du Maroc.<\/p>\t\t\r\n<h4>\r\n\tEnthalten bei jeder eBike-Tour :\r\n\t<\/h4>\r\n\t<p><a href=\"http:\/\/shine-ride.com\/de\/rental\/regles-securite-en-velo\/\">Alle Gebrauchsanweisungen \u2192.<\/a><\/p>\r\n\t\t\t<a href=\"https:\/\/reservation.elloha.com?IdPublication=d03c9b8d-096f-440b-9189-437b2bf068cd&#038;culture=en-GB&#038;idoi=ce6eb721-6f6f-4e3c-8b30-003d09164737&#038;searchFirstAvailableDates=1\" target=\"_self\" rel=\"noopener\">\r\n\t\t\t\t\t\t\tIch Trete in die Pedale!\r\n\t\t\t<\/a>\r\n\r\n<\/div><!-- .vgblk-rw-wrapper -->","protected":false},"excerpt":{"rendered":"<p>A propos du parcours, Parc National Souss Massa R\u00e9server Maintenant D\u00e9couvrez la beaut\u00e9 sauvage du Parc National Souss Massa avec Shine N Ride. Partez en excursion \u00e0 v\u00e9lo \u00e9lectrique \u00e0 travers des paysages \u00e9poustouflants, des falaises c\u00f4ti\u00e8res aux estuaires sereins. Nos sorties \u00e9co-responsables vous offrent une occasion unique de rencontrer la faune du Sahara et&#8230;<\/p>","protected":false},"author":1,"featured_media":0,"parent":0,"menu_order":0,"comment_status":"closed","ping_status":"closed","template":"","meta":{"inline_featured_image":false,"footnotes":""},"class_list":["post-988175","page","type-page","status-publish","hentry"],"jetpack_sharing_enabled":true,"_links":{"self":[{"href":"https:\/\/shine-ride.com\/de\/wp-json\/wp\/v2\/pages\/988175","targetHints":{"allow":["GET"]}}],"collection":[{"href":"https:\/\/shine-ride.com\/de\/wp-json\/wp\/v2\/pages"}],"about":[{"href":"https:\/\/shine-ride.com\/de\/wp-json\/wp\/v2\/types\/page"}],"author":[{"embeddable":true,"href":"https:\/\/shine-ride.com\/de\/wp-json\/wp\/v2\/users\/1"}],"replies":[{"embeddable":true,"href":"https:\/\/shine-ride.com\/de\/wp-json\/wp\/v2\/comments?post=988175"}],"version-history":[{"count":12,"href":"https:\/\/shine-ride.com\/de\/wp-json\/wp\/v2\/pages\/988175\/revisions"}],"predecessor-version":[{"id":988727,"href":"https:\/\/shine-ride.com\/de\/wp-json\/wp\/v2\/pages\/988175\/revisions\/988727"}],"wp:attachment":[{"href":"https:\/\/shine-ride.com\/de\/wp-json\/wp\/v2\/media?parent=988175"}],"curies":[{"name":"wp","href":"https:\/\/api.w.org\/{rel}","templated":true}]}}